{"id":54883,"date":"2017-08-17T11:42:43","date_gmt":"2017-08-17T09:42:43","guid":{"rendered":"https:\/\/www.terapiacpap.com\/installing-the-equipment\/"},"modified":"2024-07-18T13:18:53","modified_gmt":"2024-07-18T11:18:53","slug":"installing-the-equipment","status":"publish","type":"page","link":"https:\/\/www.terapiacpap.com\/en\/treatment\/installing-the-equipment\/","title":{"rendered":"Installing the Equipment"},"content":{"rendered":"<section class=\"wpb-content-wrapper\"><p>[vc_row full_width=&#8221;stretch_row_content_no_spaces&#8221; conditional_render=&#8221;%5B%7B%22value_role%22%3A%22administrator%22%7D%5D&#8221; el_class=&#8221;mb25&#8243;][vc_column][vc_column_text]\n\n<div class=\"rounded-banner \">\n    <div class=\"full-image\">\n        <img decoding=\"async\" src=\"https:\/\/www.terapiacpap.com\/wp-content\/uploads\/2024\/07\/ScreenShot2019-05-01at11.30.50AM-1.png\">\n    <\/div>\n    <div class=\"title-block\">\n        <div class=\"left-offset\"> \n            <div class=\"container\">\n                <div class=\"text-wrapper breadcrumbs\">\n                    <p><span class=\"yoast-breadcrumbs\"><span><a href=\"https:\/\/www.terapiacpap.com\/en\/\">Home<\/a><\/span><\/span><\/p>                <\/div>\n            <\/div>\n        <\/div>\n        <div class=\"left-offset\"> \n            <div class=\"container\">\n                <div class=\"text-wrapper title\">\n                    <h1>Installing the Equipment<\/h1>\n                <\/div>\n            <\/div>\n        <\/div>\n    <\/div>\n<\/div>\n\n<style>\n\n<\/style>[\/vc_column_text][\/vc_column][\/vc_row][vc_row content_placement=&#8221;middle&#8221; conditional_render=&#8221;%5B%7B%22value_role%22%3A%22administrator%22%7D%5D&#8221; el_class=&#8221;mb25 landing-row&#8221;][vc_column width=&#8221;1\/2&#8243;][vc_single_image image=&#8221;67384&#8243; img_size=&#8221;full&#8221; alignment=&#8221;center&#8221; style=&#8221;vc_box_rounded&#8221; label=&#8221;&#8221;][\/vc_column][vc_column width=&#8221;1\/2&#8243; conditional_render=&#8221;%5B%7B%22value_role%22%3A%22administrator%22%7D%5D&#8221;][vc_custom_heading text=&#8221;How do I install my computer?&#8221; use_theme_fonts=&#8221;yes&#8221;][vc_column_text]The treatment system consists of a mask, a tube, the treatment equipment and the humidifier. Look at the treatment system to see if you can identify all the parts.<br \/>\nKnowing what to do (and what not to do) when installing equipment can make all the difference in treatment.<\/p>\n<p>Below, Terapiacpap offers you some tips.[\/vc_column_text][vc_column_text el_class=&#8221;enfermedades-list&#8221;]First be sure to place the equipment on a horizontal, stable surface, where it is not covered by books or clothing. The bedside table would be a good place.<\/p>\n<p>Place it close enough to you so that you can reach the controls when you are lying down.<\/p>\n<p>Allow sufficient space around the equipment and ensure that it is not too close to a wall or heater.[\/vc_column_text][\/vc_column][\/vc_row][vc_row full_width=&#8221;stretch_row&#8221; full_width_css=&#8221;stretch_row_css&#8221; el_class=&#8221;pt30 mb30&#8243; conditional_render=&#8221;%5B%7B%22value_role%22%3A%22administrator%22%7D%5D&#8221; css=&#8221;.vc_custom_1721301194728{background-color: #ebebeb !important;}&#8221;][vc_column width=&#8221;1\/2&#8243;][vc_custom_heading text=&#8221;Contact our technical team&#8221; font_container=&#8221;tag:h2|text_align:left|color:var(&#8211;porto-dark-color)&#8221; use_theme_fonts=&#8221;yes&#8221;][vc_column_text]In our patient care centers we will configure the equipment to your specific needs. We will teach you how to use it properly and give you all the information to make it ready for use. You can see and try all our masks and accessories to choose the one that best suits you with the help of our clinical team.[\/vc_column_text][\/vc_column][vc_column width=&#8221;1\/2&#8243;]\n<div class=\"wpcf7 no-js\" id=\"wpcf7-f4560-o1\" lang=\"es-ES\" dir=\"ltr\" data-wpcf7-id=\"4560\">\n<div class=\"screen-reader-response\"><p role=\"status\" aria-live=\"polite\" aria-atomic=\"true\"><\/p> <ul><\/ul><\/div>\n<form action=\"\/en\/wp-json\/wp\/v2\/pages\/54883#wpcf7-f4560-o1\" method=\"post\" class=\"wpcf7-form init\" aria-label=\"Formulario de contacto\" novalidate=\"novalidate\" data-status=\"init\">\n<div style=\"display: none;\">\n<input type=\"hidden\" name=\"_wpcf7\" value=\"4560\" \/>\n<input type=\"hidden\" name=\"_wpcf7_version\" value=\"6.0.3\" \/>\n<input type=\"hidden\" name=\"_wpcf7_locale\" value=\"es_ES\" \/>\n<input type=\"hidden\" name=\"_wpcf7_unit_tag\" value=\"wpcf7-f4560-o1\" \/>\n<input type=\"hidden\" name=\"_wpcf7_container_post\" value=\"0\" \/>\n<input type=\"hidden\" name=\"_wpcf7_posted_data_hash\" value=\"\" \/>\n<input type=\"hidden\" name=\"_wpcf7_recaptcha_response\" value=\"\" \/>\n<\/div>\n<div class=\"form-row\">\n    <div class=\"column-half\"><span class=\"wpcf7-form-control-wrap\" data-name=\"first-name\"><input size=\"40\" maxlength=\"400\" class=\"wpcf7-form-control wpcf7-text wpcf7-validates-as-required\" aria-required=\"true\" aria-invalid=\"false\" placeholder=\"Nombre\" value=\"\" type=\"text\" name=\"first-name\" \/><\/span><\/div>\n    <div class=\"column-half\"><span class=\"wpcf7-form-control-wrap\" data-name=\"last-name\"><input size=\"40\" maxlength=\"400\" class=\"wpcf7-form-control wpcf7-text wpcf7-validates-as-required\" aria-required=\"true\" aria-invalid=\"false\" placeholder=\"Apellidos\" value=\"\" type=\"text\" name=\"last-name\" \/><\/span><\/div>\n<\/div>\n     \n<div class=\"form-row\">\n    <div class=\"column-half\"><span class=\"wpcf7-form-control-wrap\" data-name=\"your-email\"><input size=\"40\" maxlength=\"400\" class=\"wpcf7-form-control wpcf7-email wpcf7-validates-as-required wpcf7-text wpcf7-validates-as-email\" aria-required=\"true\" aria-invalid=\"false\" placeholder=\"Introduzca su email aqu\u00ed\" value=\"\" type=\"email\" name=\"your-email\" \/><\/span><\/div>\n    <div class=\"column-half\"><span class=\"wpcf7-form-control-wrap\" data-name=\"your-phone\"><input size=\"40\" maxlength=\"400\" class=\"wpcf7-form-control wpcf7-text wpcf7-validates-as-required\" aria-required=\"true\" aria-invalid=\"false\" placeholder=\"Tel\u00e9fono\" value=\"\" type=\"text\" name=\"your-phone\" \/><\/span><\/div>\n<\/div>\n     \n<div class=\"form-row\">\n    <div class=\"column-full\"><span class=\"wpcf7-form-control-wrap\" data-name=\"your-message\"><textarea cols=\"40\" rows=\"10\" maxlength=\"2000\" class=\"wpcf7-form-control wpcf7-textarea\" aria-invalid=\"false\" placeholder=\"Explique brevemente en que podemos ayudarle\" name=\"your-message\"><\/textarea><\/span><\/div>\n<\/div>\n\n<div>\n    <span class=\"wpcf7-form-control-wrap\" data-name=\"acceptance-725\"><span class=\"wpcf7-form-control wpcf7-acceptance\"><span class=\"wpcf7-list-item\"><input type=\"checkbox\" name=\"acceptance-725\" value=\"1\" aria-invalid=\"false\" \/><\/span><\/span><\/span> Ha le\u00eddo y acepta la <a href=\"\/politica-privacidad\/\">pol\u00edtica de privacidad. <\/a>\n    \n    <span style=\"font-size: 10px;font-style:italic;\">Le informamos que el Responsable del tratamiento de sus datos es C.A.R. CARDIOLOGY ADVANCED REGISTER,\n    S.L. Sus datos ser\u00e1n tratados para la resoluci\u00f3n de consultas y el env\u00edo de la informaci\u00f3n solicitada. Sus datos no ser\u00e1n comunicados a terceros, salvo por obligaci\u00f3n legal o exigencias de autoridades p\u00fablicas competentes. Se conservar\u00e1n durante no m\u00e1s tiempo del necesario para mantener el fin del tratamiento o mientras existan prescripciones legales que dictaminen su custodia y cuando ya no sea necesario para ello, se suprimir\u00e1n con medidas de seguridad adecuadas. Usted tiene derecho a ejercer los derechos que le otorga la normativa vigente en materia de Protecci\u00f3n de datos, a trav\u00e9s del email: usuarios@terapiacpap.com. Puede consultar m\u00e1s informaci\u00f3n del tratamiento en en la Pol\u00edtica de Privacidad.<\/span>\n<\/div>\n\n<div class=\"form-row\">\n    <span class=\"wpcf7-form-control-wrap recaptcha\" data-name=\"recaptcha\"><span data-sitekey=\"6LcryPkhAAAAAAws-gg5iWdrSOIRlKc350VqMY_r\" class=\"wpcf7-form-control wpcf7-recaptcha g-recaptcha\"><\/span>\r\n<noscript>\r\n\t<div class=\"grecaptcha-noscript\">\r\n\t\t<iframe loading=\"lazy\" src=\"https:\/\/www.google.com\/recaptcha\/api\/fallback?k=6LcryPkhAAAAAAws-gg5iWdrSOIRlKc350VqMY_r\" frameborder=\"0\" scrolling=\"no\" width=\"310\" height=\"430\">\r\n\t\t<\/iframe>\r\n\t\t<textarea name=\"g-recaptcha-response\" rows=\"3\" cols=\"40\" placeholder=\"Aqu\u00ed la respuesta de reCAPTCHA\">\r\n\t\t<\/textarea>\r\n\t<\/div>\r\n<\/noscript>\r\n<\/span>\n<\/div>\n\n<div class=\"column-full-enviar\">\n<p><input class=\"wpcf7-form-control wpcf7-submit has-spinner\" type=\"submit\" value=\"Enviar\" \/><\/p>\n<\/div><div class=\"wpcf7-response-output\" aria-hidden=\"true\"><\/div>\n<\/form>\n<\/div>\n[\/vc_column][\/vc_row][vc_row content_placement=&#8221;middle&#8221; conditional_render=&#8221;%5B%7B%22value_role%22%3A%22administrator%22%7D%5D&#8221; el_class=&#8221;mb100&#8243;][vc_column width=&#8221;1\/2&#8243;][vc_custom_heading text=&#8221;Adaptation to treatment&#8221; use_theme_fonts=&#8221;yes&#8221;][vc_column_text]<strong>Once you have installed the equipment and feel good using it, it is important to track the progress of treatment.<\/strong><br \/>\nStaying committed to follow-up is the best way for you and your healthcare team to verify that your obstructive sleep apnea is controlled and properly treated.<\/p>\n<p>After a while, you may realize that your treatment needs have changed, which involves changing the mask or treatment equipment settings. Follow-up is also helpful so that the healthcare professional can see how you are responding to specific treatment and adjust it, if necessary, so that you can continue to get the most out of therapy.[\/vc_column_text][\/vc_column][vc_column width=&#8221;1\/2&#8243; conditional_render=&#8221;%5B%7B%22value_role%22%3A%22administrator%22%7D%5D&#8221;][vc_single_image image=&#8221;67386&#8243; img_size=&#8221;full&#8221; alignment=&#8221;center&#8221; style=&#8221;vc_box_rounded&#8221; label=&#8221;&#8221;][\/vc_column][\/vc_row][vc_row full_width=&#8221;stretch_row&#8221; css=&#8221;.vc_custom_1703766106261{background-color: #0086c5 !important;}&#8221; conditional_render=&#8221;%5B%7B%22value_role%22%3A%22administrator%22%7D%5D&#8221; el_class=&#8221;blue-prefooter&#8221;][vc_column][vc_custom_heading text=&#8221;Need more information?&#8221; font_container=&#8221;tag:div|font_size:38px|text_align:center|color:%23ffffff|line_height:50px&#8221; use_theme_fonts=&#8221;yes&#8221;][\/vc_column][vc_column][vc_row_inner css=&#8221;.vc_custom_1703773915927{margin-top: 20px !important;}&#8221;][vc_column_inner width=&#8221;1\/2&#8243;][vc_btn title=&#8221;First steps&#8221; style=&#8221;outline-custom&#8221; outline_custom_color=&#8221;#ffffff&#8221; outline_custom_hover_background=&#8221;&#8221; outline_custom_hover_text=&#8221;&#8221; shape=&#8221;round&#8221; align=&#8221;right&#8221; css=&#8221;.vc_custom_1721301094715{margin-bottom: 0px !important;padding-top: 10px !important;padding-right: 10px !important;padding-bottom: 10px !important;padding-left: 10px !important;}&#8221; el_class=&#8221;blue-prefooter-btn&#8221; link=&#8221;url:https%3A%2F%2Fterapiacpap.com%2Fen%2Ftreatment%2F|title:First%20steps|&#8221;][\/vc_column_inner][vc_column_inner width=&#8221;1\/2&#8243;][vc_btn title=&#8221;Treatment Options&#8221; style=&#8221;outline-custom&#8221; outline_custom_color=&#8221;#ffffff&#8221; outline_custom_hover_background=&#8221;&#8221; outline_custom_hover_text=&#8221;&#8221; shape=&#8221;round&#8221; align=&#8221;left&#8221; css=&#8221;.vc_custom_1721301112210{margin-bottom: 0px !important;padding-top: 10px !important;padding-right: 10px !important;padding-bottom: 10px !important;padding-left: 10px !important;}&#8221; el_class=&#8221;blue-prefooter-btn&#8221; link=&#8221;url:https%3A%2F%2Fterapiacpap.com%2Fen%2Ftreatment%2Ftreatment-options%2F|title:Treatment%20Options|&#8221;][\/vc_column_inner][\/vc_row_inner][\/vc_column][\/vc_row][vc_row disable_element=&#8221;yes&#8221; conditional_render=&#8221;%5B%7B%22value_role%22%3A%22administrator%22%7D%5D&#8221;][vc_column][vc_column_text el_class=&#8221;centro&#8221;]<\/p>\n<h1>Installing the Equipment<\/h1>\n<h2>How do I install my computer?<\/h2>\n<p>The treatment system consists of a mask, a tube, the treatment equipment and the humidifier.<\/p>\n<p>Look at the treatment system to see if you can identify all the parts.<\/p>\n<p>Knowing what to do (and what not to do) when installing equipment can make all the difference in treatment.<\/p>\n<p>Below, Terapiacpap offers you some tips.<\/p>\n<ul>\n<li style=\"text-align: left;\">First be sure to place the equipment on a horizontal, stable surface, where it is not covered by books or clothing. The bedside table would be a good place.<\/li>\n<li style=\"text-align: left;\">Place it close enough to you so that you can reach the controls when you are lying down.<\/li>\n<li style=\"text-align: left;\">Leave enough space around the equipment and make sure it is not too close to a wall or heater.<\/li>\n<\/ul>\n<p>In our patient care centers we will configure the equipment to your specific needs. We will teach you how to use it properly and give you all the information to make it ready for use. You can see and try all our masks and accessories to choose the one that best suits you with the help of our clinical team.[\/vc_column_text][\/vc_column][\/vc_row][vc_row disable_element=&#8221;yes&#8221; conditional_render=&#8221;%5B%7B%22value_role%22%3A%22administrator%22%7D%5D&#8221;][vc_column][vc_column_text el_class=&#8221;centro&#8221;]<\/p>\n<p class=\"detallep\">Contact our technical team<\/p>\n<p><a class=\"single_add_to_cart_button button alt\" href=\"https:\/\/www.terapiacpap.com\/en\/contact\/\">Contact<\/a>[\/vc_column_text][\/vc_column][\/vc_row]<\/p>\n<\/section>","protected":false},"excerpt":{"rendered":"<p>[vc_row full_width=&#8221;stretch_row_content_no_spaces&#8221; conditional_render=&#8221;%5B%7B%22value_role%22%3A%22administrator%22%7D%5D&#8221; el_class=&#8221;mb25&#8243;][vc_column][vc_column_text][\/vc_column_text][\/vc_column][\/vc_row][vc_row content_placement=&#8221;middle&#8221; conditional_render=&#8221;%5B%7B%22value_role%22%3A%22administrator%22%7D%5D&#8221; el_class=&#8221;mb25 landing-row&#8221;][vc_column width=&#8221;1\/2&#8243;][vc_single_image image=&#8221;67384&#8243; img_size=&#8221;full&#8221; alignment=&#8221;center&#8221; style=&#8221;vc_box_rounded&#8221; label=&#8221;&#8221;][\/vc_column][vc_column width=&#8221;1\/2&#8243; conditional_render=&#8221;%5B%7B%22value_role%22%3A%22administrator%22%7D%5D&#8221;][vc_custom_heading text=&#8221;How do I install my computer?&#8221; use_theme_fonts=&#8221;yes&#8221;][vc_column_text]The treatment system consists of a mask, a tube, the treatment equipment and the humidifier. Look at the treatment system to see if you can identify all the parts. Knowing what to do [&hellip;]<\/p>\n","protected":false},"author":678,"featured_media":67482,"parent":54984,"menu_order":0,"comment_status":"closed","ping_status":"closed","template":"","meta":{"_acf_changed":false,"footnotes":""},"class_list":["post-54883","page","type-page","status-publish","has-post-thumbnail","hentry"],"acf":[],"yoast_head":"<!-- This site is optimized with the Yoast SEO plugin v24.3 - https:\/\/yoast.com\/wordpress\/plugins\/seo\/ -->\n<title>Installing the Equipment CPAP en casa | TerapiaCPAP<\/title>\n<meta name=\"description\" content=\"We offer you a few simple and clear tips to help you install cpap equipment in your home easily and without problems. If you have any questions, please contact us.\" \/>\n<meta name=\"robots\" content=\"index, follow, max-snippet:-1, max-image-preview:large, max-video-preview:-1\" \/>\n<link rel=\"canonical\" href=\"https:\/\/www.terapiacpap.com\/tratamiento\/instalacion-del-equipo\/\" \/>\n<meta property=\"og:locale\" content=\"en_US\" \/>\n<meta property=\"og:type\" content=\"article\" \/>\n<meta property=\"og:title\" content=\"Installing the Equipment CPAP en casa | TerapiaCPAP\" \/>\n<meta property=\"og:description\" content=\"We offer you a few simple and clear tips to help you install cpap equipment in your home easily and without problems. If you have any questions, please contact us.\" \/>\n<meta property=\"og:url\" content=\"https:\/\/www.terapiacpap.com\/tratamiento\/instalacion-del-equipo\/\" \/>\n<meta property=\"og:site_name\" content=\"TerapiaCPAP\" \/>\n<meta property=\"article:publisher\" content=\"https:\/\/www.facebook.com\/terapiacpap\" \/>\n<meta property=\"article:modified_time\" content=\"2024-07-18T11:18:53+00:00\" \/>\n<meta property=\"og:image\" content=\"https:\/\/www.terapiacpap.com\/wp-content\/uploads\/2024\/07\/ScreenShot2019-05-01at11.30.50AM-1.png\" \/>\n\t<meta property=\"og:image:width\" content=\"2500\" \/>\n\t<meta property=\"og:image:height\" content=\"723\" \/>\n\t<meta property=\"og:image:type\" content=\"image\/png\" \/>\n<meta name=\"twitter:card\" content=\"summary_large_image\" \/>\n<meta name=\"twitter:site\" content=\"@terapia_cpap\" \/>\n<meta name=\"twitter:label1\" content=\"Est. reading time\" \/>\n\t<meta name=\"twitter:data1\" content=\"1 minute\" \/>\n<!-- \/ Yoast SEO plugin. -->","yoast_head_json":{"title":"Installing the Equipment CPAP en casa | TerapiaCPAP","description":"We offer you a few simple and clear tips to help you install cpap equipment in your home easily and without problems. If you have any questions, please contact us.","robots":{"index":"index","follow":"follow","max-snippet":"max-snippet:-1","max-image-preview":"max-image-preview:large","max-video-preview":"max-video-preview:-1"},"canonical":"https:\/\/www.terapiacpap.com\/tratamiento\/instalacion-del-equipo\/","og_locale":"en_US","og_type":"article","og_title":"Installing the Equipment CPAP en casa | TerapiaCPAP","og_description":"We offer you a few simple and clear tips to help you install cpap equipment in your home easily and without problems. If you have any questions, please contact us.","og_url":"https:\/\/www.terapiacpap.com\/tratamiento\/instalacion-del-equipo\/","og_site_name":"TerapiaCPAP","article_publisher":"https:\/\/www.facebook.com\/terapiacpap","article_modified_time":"2024-07-18T11:18:53+00:00","og_image":[{"width":2500,"height":723,"url":"https:\/\/www.terapiacpap.com\/wp-content\/uploads\/2024\/07\/ScreenShot2019-05-01at11.30.50AM-1.png","type":"image\/png"}],"twitter_card":"summary_large_image","twitter_site":"@terapia_cpap","twitter_misc":{"Est. reading time":"1 minute"},"schema":{"@context":"https:\/\/schema.org","@graph":[{"@type":"WebPage","@id":"https:\/\/www.terapiacpap.com\/tratamiento\/instalacion-del-equipo\/","url":"https:\/\/www.terapiacpap.com\/tratamiento\/instalacion-del-equipo\/","name":"Installing the Equipment CPAP en casa | TerapiaCPAP","isPartOf":{"@id":"https:\/\/www.terapiacpap.com\/#website"},"primaryImageOfPage":{"@id":"https:\/\/www.terapiacpap.com\/tratamiento\/instalacion-del-equipo\/#primaryimage"},"image":{"@id":"https:\/\/www.terapiacpap.com\/tratamiento\/instalacion-del-equipo\/#primaryimage"},"thumbnailUrl":"https:\/\/www.terapiacpap.com\/wp-content\/uploads\/2024\/07\/ScreenShot2019-05-01at11.30.50AM-1.png","datePublished":"2017-08-17T09:42:43+00:00","dateModified":"2024-07-18T11:18:53+00:00","description":"We offer you a few simple and clear tips to help you install cpap equipment in your home easily and without problems. If you have any questions, please contact us.","breadcrumb":{"@id":"https:\/\/www.terapiacpap.com\/tratamiento\/instalacion-del-equipo\/#breadcrumb"},"inLanguage":"en-US","potentialAction":[{"@type":"ReadAction","target":["https:\/\/www.terapiacpap.com\/tratamiento\/instalacion-del-equipo\/"]}]},{"@type":"ImageObject","inLanguage":"en-US","@id":"https:\/\/www.terapiacpap.com\/tratamiento\/instalacion-del-equipo\/#primaryimage","url":"https:\/\/www.terapiacpap.com\/wp-content\/uploads\/2024\/07\/ScreenShot2019-05-01at11.30.50AM-1.png","contentUrl":"https:\/\/www.terapiacpap.com\/wp-content\/uploads\/2024\/07\/ScreenShot2019-05-01at11.30.50AM-1.png","width":2500,"height":723},{"@type":"BreadcrumbList","@id":"https:\/\/www.terapiacpap.com\/tratamiento\/instalacion-del-equipo\/#breadcrumb","itemListElement":[{"@type":"ListItem","position":1,"name":"Home","item":"https:\/\/www.terapiacpap.com\/en\/"},{"@type":"ListItem","position":2,"name":"Treatment","item":"https:\/\/www.terapiacpap.com\/en\/treatment\/"},{"@type":"ListItem","position":3,"name":"Installing the Equipment"}]},{"@type":"WebSite","@id":"https:\/\/www.terapiacpap.com\/#website","url":"https:\/\/www.terapiacpap.com\/","name":"TerapiaCPAP","description":"TerapiaCPAP especialistas en tratamiento del sue\u00f1o y en apnea del sue\u00f1o","publisher":{"@id":"https:\/\/www.terapiacpap.com\/#organization"},"potentialAction":[{"@type":"SearchAction","target":{"@type":"EntryPoint","urlTemplate":"https:\/\/www.terapiacpap.com\/?s={search_term_string}"},"query-input":{"@type":"PropertyValueSpecification","valueRequired":true,"valueName":"search_term_string"}}],"inLanguage":"en-US"},{"@type":"Organization","@id":"https:\/\/www.terapiacpap.com\/#organization","name":"TerapiaCPAP","url":"https:\/\/www.terapiacpap.com\/","logo":{"@type":"ImageObject","inLanguage":"en-US","@id":"https:\/\/www.terapiacpap.com\/#\/schema\/logo\/image\/","url":"https:\/\/www.terapiacpap.com\/wp-content\/uploads\/2020\/11\/logo-terapia-especialistas-ok.png","contentUrl":"https:\/\/www.terapiacpap.com\/wp-content\/uploads\/2020\/11\/logo-terapia-especialistas-ok.png","width":828,"height":277,"caption":"TerapiaCPAP"},"image":{"@id":"https:\/\/www.terapiacpap.com\/#\/schema\/logo\/image\/"},"sameAs":["https:\/\/www.facebook.com\/terapiacpap","https:\/\/x.com\/terapia_cpap","https:\/\/www.instagram.com\/terapiacpap\/?hl=es"]}]}},"_links":{"self":[{"href":"https:\/\/www.terapiacpap.com\/en\/wp-json\/wp\/v2\/pages\/54883","targetHints":{"allow":["GET"]}}],"collection":[{"href":"https:\/\/www.terapiacpap.com\/en\/wp-json\/wp\/v2\/pages"}],"about":[{"href":"https:\/\/www.terapiacpap.com\/en\/wp-json\/wp\/v2\/types\/page"}],"author":[{"embeddable":true,"href":"https:\/\/www.terapiacpap.com\/en\/wp-json\/wp\/v2\/users\/678"}],"replies":[{"embeddable":true,"href":"https:\/\/www.terapiacpap.com\/en\/wp-json\/wp\/v2\/comments?post=54883"}],"version-history":[{"count":12,"href":"https:\/\/www.terapiacpap.com\/en\/wp-json\/wp\/v2\/pages\/54883\/revisions"}],"predecessor-version":[{"id":67413,"href":"https:\/\/www.terapiacpap.com\/en\/wp-json\/wp\/v2\/pages\/54883\/revisions\/67413"}],"up":[{"embeddable":true,"href":"https:\/\/www.terapiacpap.com\/en\/wp-json\/wp\/v2\/pages\/54984"}],"wp:featuredmedia":[{"embeddable":true,"href":"https:\/\/www.terapiacpap.com\/en\/wp-json\/wp\/v2\/media\/67482"}],"wp:attachment":[{"href":"https:\/\/www.terapiacpap.com\/en\/wp-json\/wp\/v2\/media?parent=54883"}],"curies":[{"name":"wp","href":"https:\/\/api.w.org\/{rel}","templated":true}]}}