{"id":54947,"date":"2017-08-09T10:12:17","date_gmt":"2017-08-09T08:12:17","guid":{"rendered":"https:\/\/www.terapiacpap.com\/apnea-analysis\/"},"modified":"2024-12-18T12:46:14","modified_gmt":"2024-12-18T11:46:14","slug":"apnea-analysis","status":"publish","type":"page","link":"https:\/\/www.terapiacpap.com\/en\/analysis\/apnea-analysis\/","title":{"rendered":"Sleep Apnea Screening"},"content":{"rendered":"<section class=\"wpb-content-wrapper\"><p>[vc_row full_width=&#8221;stretch_row_content_no_spaces&#8221; conditional_render=&#8221;%5B%7B%22value_role%22%3A%22administrator%22%7D%5D&#8221; el_class=&#8221;mb25&#8243;][vc_column][vc_column_text]\n\n<div class=\"rounded-banner \">\n    <div class=\"full-image\">\n        <img decoding=\"async\" src=\"https:\/\/www.terapiacpap.com\/wp-content\/uploads\/2024\/07\/CABECERA-scaled.jpg\">\n    <\/div>\n    <div class=\"title-block\">\n        <div class=\"left-offset\"> \n            <div class=\"container\">\n                <div class=\"text-wrapper breadcrumbs\">\n                    <p><span class=\"yoast-breadcrumbs\"><span><a href=\"https:\/\/www.terapiacpap.com\/en\/\">Home<\/a><\/span><\/span><\/p>                <\/div>\n            <\/div>\n        <\/div>\n        <div class=\"left-offset\"> \n            <div class=\"container\">\n                <div class=\"text-wrapper title\">\n                    <h1>Sleep Apnea Screening<\/h1>\n                <\/div>\n            <\/div>\n        <\/div>\n    <\/div>\n<\/div>\n\n<style>\n\n<\/style>[\/vc_column_text][\/vc_column][\/vc_row][vc_row content_placement=&#8221;middle&#8221; conditional_render=&#8221;%5B%7B%22value_role%22%3A%22administrator%22%7D%5D&#8221; el_class=&#8221;landing-row&#8221;][vc_column][vc_column_text]<strong>Getting a good night&#8217;s sleep is as important to your overall health as physical activity and a balanced diet.<\/strong><\/p>\n<p>If you have trouble sleeping, snore (or the person sleeping next to you says they snore) or suspect you have sleep apnea, it&#8217;s important to take these signs seriously and consult your doctor.[\/vc_column_text][\/vc_column][\/vc_row][vc_row content_placement=&#8221;middle&#8221; conditional_render=&#8221;%5B%7B%22value_role%22%3A%22administrator%22%7D%5D&#8221; el_class=&#8221;mb100&#8243;][vc_column width=&#8221;1\/2&#8243;][vc_custom_heading text=&#8221;Polysomnography&#8221; use_theme_fonts=&#8221;yes&#8221;][vc_column_text]This is carried out in a hospital center, with specific technical staff. The patient must stay overnight at the center; it is a more complete sleep study. This type of test assesses and measures the cycles and stages of sleep by recording the signals collected by the placement of systematically placed electrodes. They allow us to obtain data on heart rate, respiratory flow, blood oxygen saturation, thoracic mobility (respiratory effort), brain and eye activity, leg movements, etc. This type of test is used to look for other sleep disorders in addition to apnea.<\/p>\n<p>During this type of study, you will need to stay overnight at the center, so it is advisable to be comfortable and bring everything you use in your normal sleep routine, including pajamas and toiletries.[\/vc_column_text][\/vc_column][vc_column width=&#8221;1\/2&#8243; conditional_render=&#8221;%5B%7B%22value_role%22%3A%22administrator%22%7D%5D&#8221;][vc_single_image image=&#8221;66812&#8243; img_size=&#8221;full&#8221; alignment=&#8221;center&#8221; style=&#8221;vc_box_rounded&#8221;][\/vc_column][\/vc_row][vc_row content_placement=&#8221;middle&#8221; conditional_render=&#8221;%5B%7B%22value_role%22%3A%22administrator%22%7D%5D&#8221; el_class=&#8221;mb25&#8243;][vc_column width=&#8221;1\/2&#8243;][vc_single_image image=&#8221;66815&#8243; img_size=&#8221;full&#8221; alignment=&#8221;center&#8221; style=&#8221;vc_box_rounded&#8221;][\/vc_column][vc_column width=&#8221;1\/2&#8243; conditional_render=&#8221;%5B%7B%22value_role%22%3A%22administrator%22%7D%5D&#8221;][vc_custom_heading text=&#8221;Respiratory Polygraphy&#8221; use_theme_fonts=&#8221;yes&#8221;][vc_column_text]The sleep study can be performed at home.<\/p>\n<p>The home sleep study is similar to that performed in a laboratory or hospital, with the added comfort and convenience of being in your own home.<\/p>\n<p>Simple, quick and easy to use, our ApneaLink Air equipment reports apneas, hypoapneas, flow limitation, snoring, blood oxygen saturation and breathing patterns within the record. All of these parameters will tell us if you have obstructive sleep apnea and, if so, how severe it is.<\/p>\n<p>All our studies are validated by sleep apnea pulmonologists.<br \/>\n<span style=\"font-size: 10px;\">ApneaLink Air is scientifically validated for the screening of sleep apnea patients and validated by the EC.<\/span>[\/vc_column_text][\/vc_column][\/vc_row][vc_row conditional_render=&#8221;%5B%7B%22value_role%22%3A%22administrator%22%7D%5D&#8221; el_class=&#8221;mb25&#8243;][vc_column width=&#8221;1\/2&#8243;][vc_column_text]The main &#8220;score&#8221; obtained from a sleep study is called the Apnea-Hypoapnea Index. The AHI score indicates the number of apneas and hypo apneas experienced per hour during the sleep study. In addition, other parameters that are also important for diagnosis, such as snoring and oxygen saturation, are measured.[\/vc_column_text][\/vc_column][vc_column width=&#8221;1\/2&#8243;][vc_raw_html]ICAgIDx0YWJsZT4KICAgICAgICA8dGhlYWQ+CiAgICAgICAgICAgIDx0cj4KICAgICAgICAgICAgICAgIDx0aD5TZXZlcml0eSBvZiBzbGVlcCBhcG5lYTwvdGg+CiAgICAgICAgICAgICAgICA8dGg+QUhJIChwZXIgaG91cik8L3RoPgogICAgICAgICAgICA8L3RyPgogICAgICAgIDwvdGhlYWQ+CiAgICAgICAgPHRib2R5PgogICAgICAgICAgICA8dHI+CiAgICAgICAgICAgICAgICA8dGQ+Tm9ybWFsPC90ZD4KICAgICAgICAgICAgICAgIDx0ZD5MZXNzIHRoYW4gNTwvdGQ+CiAgICAgICAgICAgIDwvdHI+CiAgICAgICAgICAgIDx0cj4KICAgICAgICAgICAgICAgIDx0ZD5TbGlnaHQ8L3RkPgogICAgICAgICAgICAgICAgPHRkPmZyb20gNSB0byAxNTwvdGQ+CiAgICAgICAgICAgIDwvdHI+CiAgICAgICAgICAgIDx0cj4KICAgICAgICAgICAgICAgIDx0ZD5Nb2RlcmF0ZTwvdGQ+CiAgICAgICAgICAgICAgICA8dGQ+ZnJvbSAxNSB0byAzMDwvdGQ+CiAgICAgICAgICAgIDwvdHI+CiAgICAgICAgICAgIDx0cj4KICAgICAgICAgICAgICAgIDx0ZD5HcmF2ZTwvdGQ+CiAgICAgICAgICAgICAgICA8dGQ+bW9yZSB0aGFuIDMwPC90ZD4KICAgICAgICAgICAgPC90cj4KCiAgICAgICAgPC90Ym9keT4KICAgIDwvdGFibGU+[\/vc_raw_html][\/vc_column][\/vc_row][vc_row el_class=&#8221;mb25&#8243; conditional_render=&#8221;%5B%7B%22value_role%22%3A%22administrator%22%7D%5D&#8221;][vc_column][vc_btn title=&#8221;Learn more about our Home Diagnostics service&#8221; style=&#8221;custom&#8221; custom_background=&#8221;#0088cc&#8221; custom_text=&#8221;#ffffff&#8221; shape=&#8221;round&#8221; align=&#8221;center&#8221; css=&#8221;.vc_custom_1720074320757{margin-bottom: 0px !important;padding-top: 10px !important;padding-right: 10px !important;padding-bottom: 10px !important;padding-left: 10px !important;}&#8221; el_class=&#8221;blue-prefooter-btn&#8221; link=&#8221;url:https%3A%2F%2Fterapiacpap.com%2Fen%2Fproducto%2Fhome-diagnostic-service%2F|title:Respiratory%20therapy|&#8221;][\/vc_column][\/vc_row][vc_row full_width=&#8221;stretch_row&#8221; full_width_css=&#8221;stretch_row_css&#8221; el_class=&#8221;pt30 mb30&#8243; conditional_render=&#8221;%5B%7B%22value_role%22%3A%22administrator%22%7D%5D&#8221; css=&#8221;.vc_custom_1720074337001{background-color: #ebebeb !important;}&#8221;][vc_column width=&#8221;1\/2&#8243;][vc_custom_heading text=&#8221;Request your home sleep study by filling in the following form&#8221; font_container=&#8221;tag:h2|text_align:left|color:var(&#8211;porto-dark-color)&#8221; use_theme_fonts=&#8221;yes&#8221;][vc_column_text]If you would like to undergo a sleep study, please fill in the contact form so that our clinical department can contact you as soon as possible and explain the test in detail.[\/vc_column_text][\/vc_column][vc_column width=&#8221;1\/2&#8243;]\n<div class=\"wpcf7 no-js\" id=\"wpcf7-f4467-o1\" lang=\"es-ES\" dir=\"ltr\" data-wpcf7-id=\"4467\">\n<div class=\"screen-reader-response\"><p role=\"status\" aria-live=\"polite\" aria-atomic=\"true\"><\/p> <ul><\/ul><\/div>\n<form action=\"\/en\/wp-json\/wp\/v2\/pages\/54947#wpcf7-f4467-o1\" method=\"post\" class=\"wpcf7-form init\" aria-label=\"Formulario de contacto\" novalidate=\"novalidate\" data-status=\"init\">\n<div style=\"display: none;\">\n<input type=\"hidden\" name=\"_wpcf7\" value=\"4467\" \/>\n<input type=\"hidden\" name=\"_wpcf7_version\" value=\"6.0.3\" \/>\n<input type=\"hidden\" name=\"_wpcf7_locale\" value=\"es_ES\" \/>\n<input type=\"hidden\" name=\"_wpcf7_unit_tag\" value=\"wpcf7-f4467-o1\" \/>\n<input type=\"hidden\" name=\"_wpcf7_container_post\" value=\"0\" \/>\n<input type=\"hidden\" name=\"_wpcf7_posted_data_hash\" value=\"\" \/>\n<input type=\"hidden\" name=\"_wpcf7_recaptcha_response\" value=\"\" \/>\n<\/div>\n<div class=\"form-row\">\n<div class=\"column-half\"><span class=\"wpcf7-form-control-wrap\" data-name=\"first-name\"><input size=\"40\" maxlength=\"400\" class=\"wpcf7-form-control wpcf7-text wpcf7-validates-as-required\" aria-required=\"true\" aria-invalid=\"false\" placeholder=\"Nombre\" value=\"\" type=\"text\" name=\"first-name\" \/><\/span><\/div>\n<div class=\"column-half\"><span class=\"wpcf7-form-control-wrap\" data-name=\"last-name\"><input size=\"40\" maxlength=\"400\" class=\"wpcf7-form-control wpcf7-text wpcf7-validates-as-required\" aria-required=\"true\" aria-invalid=\"false\" placeholder=\"Apellidos\" value=\"\" type=\"text\" name=\"last-name\" \/><\/span><\/div>\n<\/div>\n \n<div class=\"form-row\">\n<div class=\"column-half\"><span class=\"wpcf7-form-control-wrap\" data-name=\"your-email\"><input size=\"40\" maxlength=\"400\" class=\"wpcf7-form-control wpcf7-email wpcf7-validates-as-required wpcf7-text wpcf7-validates-as-email\" aria-required=\"true\" aria-invalid=\"false\" placeholder=\"Introduzca su email aqu\u00ed\" value=\"\" type=\"email\" name=\"your-email\" \/><\/span><\/div>\n<div class=\"column-half\"><span class=\"wpcf7-form-control-wrap\" data-name=\"your-phone\"><input size=\"40\" maxlength=\"400\" class=\"wpcf7-form-control wpcf7-text wpcf7-validates-as-required\" aria-required=\"true\" aria-invalid=\"false\" placeholder=\"Tel\u00e9fono\" value=\"\" type=\"text\" name=\"your-phone\" \/><\/span><\/div>\n<\/div>\n \n<div class=\"form-row\">\n<div class=\"column-full\"><span class=\"wpcf7-form-control-wrap\" data-name=\"your-message\"><textarea cols=\"40\" rows=\"10\" maxlength=\"2000\" class=\"wpcf7-form-control wpcf7-textarea\" aria-invalid=\"false\" placeholder=\"Explique brevemente por que solicita una poligraf\u00eda respiratoria\" name=\"your-message\"><\/textarea><\/span><\/div>\n<\/div>\n\n<span class=\"wpcf7-form-control-wrap\" data-name=\"acceptance-725\"><span class=\"wpcf7-form-control wpcf7-acceptance\"><span class=\"wpcf7-list-item\"><input type=\"checkbox\" name=\"acceptance-725\" value=\"1\" aria-invalid=\"false\" \/><\/span><\/span><\/span> Ha le\u00eddo y acepta la <a href=\"\/politica-privacidad\/\">pol\u00edtica de privacidad. <\/a> \n<div>\n<span style=\"font-size: 10px;font-style:italic;\">Le informamos que el Responsable del tratamiento de sus datos es C.A.R. CARDIOLOGY ADVANCED REGISTER, S.L. Sus datos ser\u00e1n tratados para fines comerciales as\u00ed como para la resoluci\u00f3n de consultas y el env\u00edo de la informaci\u00f3n solicitada. Sus datos no ser\u00e1n comunicados a terceros, salvo por obligaci\u00f3n legal o exigencias de autoridades p\u00fablicas competentes. Se conservar\u00e1n durante no m\u00e1s tiempo del necesario para mantener el fin del tratamiento o mientras existan prescripciones legales que dictaminen su custodia y cuando ya no sea necesario para ello, se suprimir\u00e1n con medidas de seguridad adecuadas. Usted tiene derecho a ejercer los derechos que le otorga la normativa vigente en materia de Protecci\u00f3n de datos, a trav\u00e9s del email: usuarios@terapiacpap.com. Para m\u00e1s informaci\u00f3n consulte nuestra Pol\u00edtica de Privacidad.<\/span>\n<\/div>\n<div class=\"form-row\">\n<span class=\"wpcf7-form-control-wrap recaptcha\" data-name=\"recaptcha\"><span data-sitekey=\"6LcryPkhAAAAAAws-gg5iWdrSOIRlKc350VqMY_r\" class=\"wpcf7-form-control wpcf7-recaptcha g-recaptcha\"><\/span>\r\n<noscript>\r\n\t<div class=\"grecaptcha-noscript\">\r\n\t\t<iframe loading=\"lazy\" src=\"https:\/\/www.google.com\/recaptcha\/api\/fallback?k=6LcryPkhAAAAAAws-gg5iWdrSOIRlKc350VqMY_r\" frameborder=\"0\" scrolling=\"no\" width=\"310\" height=\"430\">\r\n\t\t<\/iframe>\r\n\t\t<textarea name=\"g-recaptcha-response\" rows=\"3\" cols=\"40\" placeholder=\"Aqu\u00ed la respuesta de reCAPTCHA\">\r\n\t\t<\/textarea>\r\n\t<\/div>\r\n<\/noscript>\r\n<\/span>\n<div class=\"column-full-enviar\"><input class=\"wpcf7-form-control wpcf7-submit has-spinner\" type=\"submit\" value=\"Enviar\" \/><\/div>\n<\/div>\n \n<\/div><!--end responsive-form--><div class=\"wpcf7-response-output\" aria-hidden=\"true\"><\/div>\n<\/form>\n<\/div>\n[\/vc_column][\/vc_row][vc_row full_width=&#8221;stretch_row&#8221; css=&#8221;.vc_custom_1703766106261{background-color: #0086c5 !important;}&#8221; conditional_render=&#8221;%5B%7B%22value_role%22%3A%22administrator%22%7D%5D&#8221; el_class=&#8221;blue-prefooter&#8221;][vc_column][vc_custom_heading text=&#8221;Need more information?&#8221; font_container=&#8221;tag:div|font_size:38px|text_align:center|color:%23ffffff|line_height:50px&#8221; use_theme_fonts=&#8221;yes&#8221;][\/vc_column][vc_column][vc_row_inner css=&#8221;.vc_custom_1703773915927{margin-top: 20px !important;}&#8221;][vc_column_inner width=&#8221;1\/2&#8243;][vc_btn title=&#8221;What is sleep apnea?&#8221; style=&#8221;outline-custom&#8221; outline_custom_color=&#8221;#ffffff&#8221; outline_custom_hover_background=&#8221;&#8221; outline_custom_hover_text=&#8221;&#8221; shape=&#8221;round&#8221; align=&#8221;right&#8221; css=&#8221;.vc_custom_1720074426886{margin-bottom: 0px !important;padding-top: 10px !important;padding-right: 10px !important;padding-bottom: 10px !important;padding-left: 10px !important;}&#8221; el_class=&#8221;blue-prefooter-btn&#8221; link=&#8221;url:https%3A%2F%2Fterapiacpap.com%2Fen%2Fanalysis%2Fsleep-apnea%2F|title:What%20is%20sleep%20apnea%3F|&#8221;][\/vc_column_inner][vc_column_inner width=&#8221;1\/2&#8243;][vc_btn title=&#8221;Types of sleep apnea&#8221; style=&#8221;outline-custom&#8221; outline_custom_color=&#8221;#ffffff&#8221; outline_custom_hover_background=&#8221;&#8221; outline_custom_hover_text=&#8221;&#8221; shape=&#8221;round&#8221; align=&#8221;left&#8221; css=&#8221;.vc_custom_1731393721930{margin-bottom: 0px !important;padding-top: 10px !important;padding-right: 10px !important;padding-bottom: 10px !important;padding-left: 10px !important;}&#8221; el_class=&#8221;blue-prefooter-btn&#8221; link=&#8221;url:https%3A%2F%2Fterapiacpap.com%2Fen%2Fanalysis%2Ftypes-of-apnea%2F|title:Types%20of%20sleep%20apnea&#8221;][\/vc_column_inner][\/vc_row_inner][\/vc_column][\/vc_row][vc_row disable_element=&#8221;yes&#8221; conditional_render=&#8221;%5B%7B%22value_role%22%3A%22administrator%22%7D%5D&#8221;][vc_column][vc_column_text el_class=&#8221;centro&#8221;]<\/p>\n<h1>Sleep Apnea Analysis<\/h1>\n<p><span style=\"font-size: 18px;\"><strong>Getting a good night&#8217;s sleep is just as important to your overall health as physical activity and a balanced diet.<\/strong><\/span>[\/vc_column_text][vc_column_text css=&#8221;.vc_custom_1643968569355{margin-top: 30px !important;}&#8221; el_class=&#8221;centro&#8221;]If you have trouble sleeping, snore (or the person sleeping next to you says they snore), or suspect you have sleep apnea, it&#8217;s important to take those signs seriously and check with your doctor.[\/vc_column_text][\/vc_column][\/vc_row][vc_row full_width=&#8221;stretch_row&#8221; disable_element=&#8221;yes&#8221; css=&#8221;.vc_custom_1720074186498{padding-top: 60px !important;padding-bottom: 45px !important;background-color: #ebebeb !important;}&#8221; conditional_render=&#8221;%5B%7B%22value_role%22%3A%22administrator%22%7D%5D&#8221;][vc_column][vc_column_text el_class=&#8221;centro&#8221;]<\/p>\n<h2>Respiratory Polygraphy<\/h2>\n<p class=\"detallep\">The sleep study can be done at home.<\/p>\n<p>[\/vc_column_text][vc_column_text css=&#8221;.vc_custom_1643968611125{margin-top: 30px !important;}&#8221; el_class=&#8221;centro&#8221;]The home sleep study is similar to that done in a laboratory or hospital, with the added convenience and practicality of being in your own home. Before the night of your home sleep study, a medical professional who specializes in sleep medicine will show you how to adapt sensors and monitors, and how to use the recording equipment at night.<\/p>\n<p><a class=\"single_add_to_cart_button button alt\" href=\"https:\/\/www.terapiacpap.com\/en\/analysis\/apnea-analysis\/respiratory-polygraphy\/\">Read more<\/a>[\/vc_column_text][\/vc_column][\/vc_row][vc_row disable_element=&#8221;yes&#8221; conditional_render=&#8221;%5B%7B%22value_role%22%3A%22administrator%22%7D%5D&#8221;][vc_column][vc_column_text el_class=&#8221;centro&#8221;]<\/p>\n<h2>Polysomnography<\/h2>\n<p class=\"detallep\">It is done in a sleep center or hospital.<\/p>\n<p>Medical staff will place sensors in your body to monitor your sleep.<\/p>\n<p><a class=\"single_add_to_cart_button button alt\" href=\"https:\/\/www.terapiacpap.com\/en\/analysis\/apnea-analysis\/polysomnography\/\">Read more<\/a>[\/vc_column_text][\/vc_column][\/vc_row]<\/p>\n<\/section>","protected":false},"excerpt":{"rendered":"<p>[vc_row full_width=&#8221;stretch_row_content_no_spaces&#8221; conditional_render=&#8221;%5B%7B%22value_role%22%3A%22administrator%22%7D%5D&#8221; el_class=&#8221;mb25&#8243;][vc_column][vc_column_text][\/vc_column_text][\/vc_column][\/vc_row][vc_row content_placement=&#8221;middle&#8221; conditional_render=&#8221;%5B%7B%22value_role%22%3A%22administrator%22%7D%5D&#8221; el_class=&#8221;landing-row&#8221;][vc_column][vc_column_text]Getting a good night&#8217;s sleep is as important to your overall health as physical activity and a balanced diet. If you have trouble sleeping, snore (or the person sleeping next to you says they snore) or suspect you have sleep apnea, it&#8217;s important to take these signs seriously and [&hellip;]<\/p>\n","protected":false},"author":678,"featured_media":66809,"parent":54963,"menu_order":0,"comment_status":"closed","ping_status":"closed","template":"","meta":{"_acf_changed":false,"footnotes":""},"class_list":["post-54947","page","type-page","status-publish","has-post-thumbnail","hentry"],"acf":[],"yoast_head":"<!-- This site is optimized with the Yoast SEO plugin v24.3 - https:\/\/yoast.com\/wordpress\/plugins\/seo\/ -->\n<title>Sleep Apnea Screening | TerapiaCPAP<\/title>\n<meta name=\"robots\" content=\"index, follow, max-snippet:-1, max-image-preview:large, max-video-preview:-1\" \/>\n<link rel=\"canonical\" href=\"https:\/\/www.terapiacpap.com\/diagnostico-2\/diagnostico\/\" \/>\n<meta property=\"og:locale\" content=\"en_US\" \/>\n<meta property=\"og:type\" content=\"article\" \/>\n<meta property=\"og:title\" content=\"Sleep Apnea Screening | TerapiaCPAP\" \/>\n<meta property=\"og:description\" content=\"[vc_row full_width=&#8221;stretch_row_content_no_spaces&#8221; conditional_render=&#8221;%5B%7B%22value_role%22%3A%22administrator%22%7D%5D&#8221; el_class=&#8221;mb25&#8243;][vc_column][vc_column_text][\/vc_column_text][\/vc_column][\/vc_row][vc_row content_placement=&#8221;middle&#8221; conditional_render=&#8221;%5B%7B%22value_role%22%3A%22administrator%22%7D%5D&#8221; el_class=&#8221;landing-row&#8221;][vc_column][vc_column_text]Getting a good night&#8217;s sleep is as important to your overall health as physical activity and a balanced diet. If you have trouble sleeping, snore (or the person sleeping next to you says they snore) or suspect you have sleep apnea, it&#8217;s important to take these signs seriously and [&hellip;]\" \/>\n<meta property=\"og:url\" content=\"https:\/\/www.terapiacpap.com\/diagnostico-2\/diagnostico\/\" \/>\n<meta property=\"og:site_name\" content=\"TerapiaCPAP\" \/>\n<meta property=\"article:publisher\" content=\"https:\/\/www.facebook.com\/terapiacpap\" \/>\n<meta property=\"article:modified_time\" content=\"2024-12-18T11:46:14+00:00\" \/>\n<meta property=\"og:image\" content=\"https:\/\/www.terapiacpap.com\/wp-content\/uploads\/2024\/07\/CABECERA-scaled.jpg\" \/>\n\t<meta property=\"og:image:width\" content=\"2880\" \/>\n\t<meta property=\"og:image:height\" content=\"1029\" \/>\n\t<meta property=\"og:image:type\" content=\"image\/jpeg\" \/>\n<meta name=\"twitter:card\" content=\"summary_large_image\" \/>\n<meta name=\"twitter:site\" content=\"@terapia_cpap\" \/>\n<meta name=\"twitter:label1\" content=\"Est. reading time\" \/>\n\t<meta name=\"twitter:data1\" content=\"4 minutes\" \/>\n<!-- \/ Yoast SEO plugin. -->","yoast_head_json":{"title":"Sleep Apnea Screening | TerapiaCPAP","robots":{"index":"index","follow":"follow","max-snippet":"max-snippet:-1","max-image-preview":"max-image-preview:large","max-video-preview":"max-video-preview:-1"},"canonical":"https:\/\/www.terapiacpap.com\/diagnostico-2\/diagnostico\/","og_locale":"en_US","og_type":"article","og_title":"Sleep Apnea Screening | TerapiaCPAP","og_description":"[vc_row full_width=&#8221;stretch_row_content_no_spaces&#8221; conditional_render=&#8221;%5B%7B%22value_role%22%3A%22administrator%22%7D%5D&#8221; el_class=&#8221;mb25&#8243;][vc_column][vc_column_text][\/vc_column_text][\/vc_column][\/vc_row][vc_row content_placement=&#8221;middle&#8221; conditional_render=&#8221;%5B%7B%22value_role%22%3A%22administrator%22%7D%5D&#8221; el_class=&#8221;landing-row&#8221;][vc_column][vc_column_text]Getting a good night&#8217;s sleep is as important to your overall health as physical activity and a balanced diet. If you have trouble sleeping, snore (or the person sleeping next to you says they snore) or suspect you have sleep apnea, it&#8217;s important to take these signs seriously and [&hellip;]","og_url":"https:\/\/www.terapiacpap.com\/diagnostico-2\/diagnostico\/","og_site_name":"TerapiaCPAP","article_publisher":"https:\/\/www.facebook.com\/terapiacpap","article_modified_time":"2024-12-18T11:46:14+00:00","og_image":[{"width":2880,"height":1029,"url":"https:\/\/www.terapiacpap.com\/wp-content\/uploads\/2024\/07\/CABECERA-scaled.jpg","type":"image\/jpeg"}],"twitter_card":"summary_large_image","twitter_site":"@terapia_cpap","twitter_misc":{"Est. reading time":"4 minutes"},"schema":{"@context":"https:\/\/schema.org","@graph":[{"@type":"WebPage","@id":"https:\/\/www.terapiacpap.com\/diagnostico-2\/diagnostico\/","url":"https:\/\/www.terapiacpap.com\/diagnostico-2\/diagnostico\/","name":"Sleep Apnea Screening | TerapiaCPAP","isPartOf":{"@id":"https:\/\/www.terapiacpap.com\/#website"},"primaryImageOfPage":{"@id":"https:\/\/www.terapiacpap.com\/diagnostico-2\/diagnostico\/#primaryimage"},"image":{"@id":"https:\/\/www.terapiacpap.com\/diagnostico-2\/diagnostico\/#primaryimage"},"thumbnailUrl":"https:\/\/www.terapiacpap.com\/wp-content\/uploads\/2024\/07\/CABECERA-scaled.jpg","datePublished":"2017-08-09T08:12:17+00:00","dateModified":"2024-12-18T11:46:14+00:00","breadcrumb":{"@id":"https:\/\/www.terapiacpap.com\/diagnostico-2\/diagnostico\/#breadcrumb"},"inLanguage":"en-US","potentialAction":[{"@type":"ReadAction","target":["https:\/\/www.terapiacpap.com\/diagnostico-2\/diagnostico\/"]}]},{"@type":"ImageObject","inLanguage":"en-US","@id":"https:\/\/www.terapiacpap.com\/diagnostico-2\/diagnostico\/#primaryimage","url":"https:\/\/www.terapiacpap.com\/wp-content\/uploads\/2024\/07\/CABECERA-scaled.jpg","contentUrl":"https:\/\/www.terapiacpap.com\/wp-content\/uploads\/2024\/07\/CABECERA-scaled.jpg","width":2880,"height":1029},{"@type":"BreadcrumbList","@id":"https:\/\/www.terapiacpap.com\/diagnostico-2\/diagnostico\/#breadcrumb","itemListElement":[{"@type":"ListItem","position":1,"name":"Home","item":"https:\/\/www.terapiacpap.com\/en\/"},{"@type":"ListItem","position":2,"name":"Analysis","item":"https:\/\/www.terapiacpap.com\/?page_id=4173"},{"@type":"ListItem","position":3,"name":"Sleep Apnea Screening"}]},{"@type":"WebSite","@id":"https:\/\/www.terapiacpap.com\/#website","url":"https:\/\/www.terapiacpap.com\/","name":"TerapiaCPAP","description":"TerapiaCPAP especialistas en tratamiento del sue\u00f1o y en apnea del sue\u00f1o","publisher":{"@id":"https:\/\/www.terapiacpap.com\/#organization"},"potentialAction":[{"@type":"SearchAction","target":{"@type":"EntryPoint","urlTemplate":"https:\/\/www.terapiacpap.com\/?s={search_term_string}"},"query-input":{"@type":"PropertyValueSpecification","valueRequired":true,"valueName":"search_term_string"}}],"inLanguage":"en-US"},{"@type":"Organization","@id":"https:\/\/www.terapiacpap.com\/#organization","name":"TerapiaCPAP","url":"https:\/\/www.terapiacpap.com\/","logo":{"@type":"ImageObject","inLanguage":"en-US","@id":"https:\/\/www.terapiacpap.com\/#\/schema\/logo\/image\/","url":"https:\/\/www.terapiacpap.com\/wp-content\/uploads\/2020\/11\/logo-terapia-especialistas-ok.png","contentUrl":"https:\/\/www.terapiacpap.com\/wp-content\/uploads\/2020\/11\/logo-terapia-especialistas-ok.png","width":828,"height":277,"caption":"TerapiaCPAP"},"image":{"@id":"https:\/\/www.terapiacpap.com\/#\/schema\/logo\/image\/"},"sameAs":["https:\/\/www.facebook.com\/terapiacpap","https:\/\/x.com\/terapia_cpap","https:\/\/www.instagram.com\/terapiacpap\/?hl=es"]}]}},"_links":{"self":[{"href":"https:\/\/www.terapiacpap.com\/en\/wp-json\/wp\/v2\/pages\/54947","targetHints":{"allow":["GET"]}}],"collection":[{"href":"https:\/\/www.terapiacpap.com\/en\/wp-json\/wp\/v2\/pages"}],"about":[{"href":"https:\/\/www.terapiacpap.com\/en\/wp-json\/wp\/v2\/types\/page"}],"author":[{"embeddable":true,"href":"https:\/\/www.terapiacpap.com\/en\/wp-json\/wp\/v2\/users\/678"}],"replies":[{"embeddable":true,"href":"https:\/\/www.terapiacpap.com\/en\/wp-json\/wp\/v2\/comments?post=54947"}],"version-history":[{"count":13,"href":"https:\/\/www.terapiacpap.com\/en\/wp-json\/wp\/v2\/pages\/54947\/revisions"}],"predecessor-version":[{"id":74535,"href":"https:\/\/www.terapiacpap.com\/en\/wp-json\/wp\/v2\/pages\/54947\/revisions\/74535"}],"up":[{"embeddable":true,"href":"https:\/\/www.terapiacpap.com\/en\/wp-json\/wp\/v2\/pages\/54963"}],"wp:featuredmedia":[{"embeddable":true,"href":"https:\/\/www.terapiacpap.com\/en\/wp-json\/wp\/v2\/media\/66809"}],"wp:attachment":[{"href":"https:\/\/www.terapiacpap.com\/en\/wp-json\/wp\/v2\/media?parent=54947"}],"curies":[{"name":"wp","href":"https:\/\/api.w.org\/{rel}","templated":true}]}}