{"id":54984,"date":"2017-08-16T12:12:32","date_gmt":"2017-08-16T10:12:32","guid":{"rendered":"https:\/\/www.terapiacpap.com\/treatment\/"},"modified":"2024-07-18T16:31:47","modified_gmt":"2024-07-18T14:31:47","slug":"treatment","status":"publish","type":"page","link":"https:\/\/www.terapiacpap.com\/en\/treatment\/","title":{"rendered":"Treatment"},"content":{"rendered":"<section class=\"wpb-content-wrapper\"><p>[vc_row full_width=&#8221;stretch_row_content_no_spaces&#8221; conditional_render=&#8221;%5B%7B%22value_role%22%3A%22administrator%22%7D%5D&#8221; el_class=&#8221;mb25&#8243;][vc_column][vc_column_text]\n\n<div class=\"rounded-banner \">\n    <div class=\"full-image\">\n        <img decoding=\"async\" src=\"https:\/\/www.terapiacpap.com\/wp-content\/uploads\/2024\/07\/CABECERA-1.png\">\n    <\/div>\n    <div class=\"title-block\">\n        <div class=\"left-offset\"> \n            <div class=\"container\">\n                <div class=\"text-wrapper breadcrumbs\">\n                    <p><span class=\"yoast-breadcrumbs\"><span><a href=\"https:\/\/www.terapiacpap.com\/en\/\">Home<\/a><\/span><\/span><\/p>                <\/div>\n            <\/div>\n        <\/div>\n        <div class=\"left-offset\"> \n            <div class=\"container\">\n                <div class=\"text-wrapper title\">\n                    <h1>Treatment<\/h1>\n                <\/div>\n            <\/div>\n        <\/div>\n    <\/div>\n<\/div>\n\n<style>\n\n<\/style>[\/vc_column_text][\/vc_column][\/vc_row][vc_row content_placement=&#8221;middle&#8221; conditional_render=&#8221;%5B%7B%22value_role%22%3A%22administrator%22%7D%5D&#8221; el_class=&#8221;landing-row&#8221;][vc_column][vc_column_text]<strong>If you suspect that you may suffer from Obstructive Sleep Apnea Syndrome, you should go to your referring doctor to refer you to a specialist and perform a sleep study.<\/strong><br \/>\nOnce you have a diagnosis of positive Obstructive Sleep Apnea Syndrome, you should be treated.<br \/>\nYour doctor will tell you which therapeutic option is right for you based on the results of the sleep study.[\/vc_column_text][vc_btn title=&#8221;Learn what treatment options we have&#8221; style=&#8221;custom&#8221; custom_background=&#8221;#0099e6&#8243; custom_text=&#8221;#ffffff&#8221; shape=&#8221;round&#8221; align=&#8221;center&#8221; css=&#8221;.vc_custom_1721312888144{margin-bottom: 0px !important;padding-top: 10px !important;padding-right: 10px !important;padding-bottom: 10px !important;padding-left: 10px !important;}&#8221; el_class=&#8221;blue-prefooter-btn mb30&#8243; link=&#8221;url:https%3A%2F%2Fterapiacpap.com%2Fen%2Ftreatment%2Ftreatment-options%2F|title:Treatment%20options|&#8221;][\/vc_column][\/vc_row][vc_row content_placement=&#8221;middle&#8221; conditional_render=&#8221;%5B%7B%22value_role%22%3A%22administrator%22%7D%5D&#8221; el_class=&#8221;mb25&#8243;][vc_column][vc_custom_heading text=&#8221;What should you know before you start?&#8221; use_theme_fonts=&#8221;yes&#8221;][vc_column_text]Most people who perform a positive airway pressure treatment agree that it takes time to adjust. But they also claim it&#8217;s worth it.<\/p>\n<p>Here are some points to help you get on track with treatment, even before you start using the equipment.[\/vc_column_text][\/vc_column][\/vc_row][vc_row content_placement=&#8221;middle&#8221; conditional_render=&#8221;%5B%7B%22value_role%22%3A%22administrator%22%7D%5D&#8221; el_class=&#8221;mb25&#8243;][vc_column width=&#8221;1\/2&#8243;][vc_single_image image=&#8221;67438&#8243; img_size=&#8221;full&#8221; alignment=&#8221;center&#8221; style=&#8221;vc_box_rounded&#8221; label=&#8221;&#8221;][\/vc_column][vc_column width=&#8221;1\/2&#8243; conditional_render=&#8221;%5B%7B%22value_role%22%3A%22administrator%22%7D%5D&#8221;][vc_custom_heading text=&#8221;Finding the ideal mask&#8221; font_container=&#8221;tag:h3|text_align:left&#8221; use_theme_fonts=&#8221;yes&#8221;][vc_column_text]Choosing the right mask for you is essential. A wrong choice of mask can lead you not to adapt to the treatment.<br \/>\nDiscover the masks we offer at Cpap Therapy below by type of breathing, treatment needs, lifestyle and other options.[\/vc_column_text][vc_btn title=&#8221;See Masks&#8221; style=&#8221;custom&#8221; custom_background=&#8221;#0099e6&#8243; custom_text=&#8221;#ffffff&#8221; shape=&#8221;round&#8221; align=&#8221;left&#8221; css=&#8221;.vc_custom_1721312673261{margin-bottom: 0px !important;padding-top: 10px !important;padding-right: 10px !important;padding-bottom: 10px !important;padding-left: 10px !important;}&#8221; el_class=&#8221;blue-prefooter-btn mb30&#8243; link=&#8221;url:https%3A%2F%2Fterapiacpap.com%2Fen%2Fshop%2F|title:Respiratory%20therapy|&#8221;][\/vc_column][\/vc_row][vc_row content_placement=&#8221;middle&#8221; conditional_render=&#8221;%5B%7B%22value_role%22%3A%22administrator%22%7D%5D&#8221; el_class=&#8221;mb25&#8243;][vc_column width=&#8221;1\/2&#8243;][vc_single_image image=&#8221;67440&#8243; img_size=&#8221;full&#8221; alignment=&#8221;center&#8221; style=&#8221;vc_box_rounded&#8221; label=&#8221;&#8221;][\/vc_column][vc_column width=&#8221;1\/2&#8243; conditional_render=&#8221;%5B%7B%22value_role%22%3A%22administrator%22%7D%5D&#8221;][vc_custom_heading text=&#8221;Installing the Equipment&#8221; font_container=&#8221;tag:h3|text_align:left&#8221; use_theme_fonts=&#8221;yes&#8221;][vc_column_text]The treatment system consists of a mask, a tube, the treatment equipment and the humidifier.<br \/>\nKnowing what to do (and what not to do) when installing equipment can make all the difference throughout your treatment.<\/p>\n<p>We offer you some tips on the installation of equipment for the treatment of sleep apnea.[\/vc_column_text][vc_btn title=&#8221;See installation of equipment&#8221; style=&#8221;custom&#8221; custom_background=&#8221;#0099e6&#8243; custom_text=&#8221;#ffffff&#8221; shape=&#8221;round&#8221; align=&#8221;left&#8221; css=&#8221;.vc_custom_1721312684374{margin-bottom: 0px !important;padding-top: 10px !important;padding-right: 10px !important;padding-bottom: 10px !important;padding-left: 10px !important;}&#8221; el_class=&#8221;blue-prefooter-btn mb30&#8243; link=&#8221;url:https%3A%2F%2Fterapiacpap.com%2Fen%2Ftreatment%2Finstalling-the-equipment%2F|title:Respiratory%20therapy|&#8221;][\/vc_column][\/vc_row][vc_row full_width=&#8221;stretch_row&#8221; css=&#8221;.vc_custom_1703766106261{background-color: #0086c5 !important;}&#8221; conditional_render=&#8221;%5B%7B%22value_role%22%3A%22administrator%22%7D%5D&#8221; el_class=&#8221;blue-prefooter&#8221;][vc_column][vc_custom_heading text=&#8221;Need more information?&#8221; font_container=&#8221;tag:div|font_size:38px|text_align:center|color:%23ffffff|line_height:50px&#8221; use_theme_fonts=&#8221;yes&#8221;][\/vc_column][vc_column][vc_row_inner css=&#8221;.vc_custom_1703773915927{margin-top: 20px !important;}&#8221;][vc_column_inner width=&#8221;1\/2&#8243;][vc_btn title=&#8221;Treatment Options&#8221; style=&#8221;outline-custom&#8221; outline_custom_color=&#8221;#ffffff&#8221; outline_custom_hover_background=&#8221;&#8221; outline_custom_hover_text=&#8221;&#8221; shape=&#8221;round&#8221; align=&#8221;right&#8221; css=&#8221;.vc_custom_1721312570568{margin-bottom: 0px !important;padding-top: 10px !important;padding-right: 10px !important;padding-bottom: 10px !important;padding-left: 10px !important;}&#8221; el_class=&#8221;blue-prefooter-btn&#8221; link=&#8221;url:https%3A%2F%2Fterapiacpap.com%2Fen%2Ftreatment%2Ftreatment-options%2F|title:The%20Dream|&#8221;][\/vc_column_inner][vc_column_inner width=&#8221;1\/2&#8243;][vc_btn title=&#8221;Contact us&#8221; style=&#8221;outline-custom&#8221; outline_custom_color=&#8221;#ffffff&#8221; outline_custom_hover_background=&#8221;&#8221; outline_custom_hover_text=&#8221;&#8221; shape=&#8221;round&#8221; align=&#8221;left&#8221; css=&#8221;.vc_custom_1721312592755{margin-bottom: 0px !important;padding-top: 10px !important;padding-right: 10px !important;padding-bottom: 10px !important;padding-left: 10px !important;}&#8221; el_class=&#8221;blue-prefooter-btn&#8221; link=&#8221;url:https%3A%2F%2Fterapiacpap.com%2Fen%2Fcontact%2F|title:Contact%20us|&#8221;][\/vc_column_inner][\/vc_row_inner][\/vc_column][\/vc_row][vc_row disable_element=&#8221;yes&#8221; conditional_render=&#8221;%5B%7B%22value_role%22%3A%22administrator%22%7D%5D&#8221;][vc_column][vc_column_text el_class=&#8221;centro&#8221;]<\/p>\n<h1>Treatment of sleep apnea<\/h1>\n<p><strong>If you suspect that you may suffer from Obstructive Sleep Apnea Syndrome, you should go to your referring doctor to refer you to a specialist and perform a sleep study.<\/strong><\/p>\n<p class=\"detallep\">Once you have a diagnosis of positive Obstructive Sleep Apnea Syndrome, you should be treated.<\/p>\n<p>Your doctor will tell you which therapeutic option is right for you based on the results of the sleep study.<\/p>\n<p><a class=\"single_add_to_cart_button button alt\" href=\"https:\/\/www.terapiacpap.com\/opciones-de-tratamiento-para-la-apnea-del-sueno\/\" target=\"_blank\" rel=\"noopener\">Know what treatment options we have for you<\/a>[\/vc_column_text][\/vc_column][\/vc_row][vc_row full_width=&#8221;stretch_row&#8221; disable_element=&#8221;yes&#8221; text_align=&#8221;center&#8221; css=&#8221;.vc_custom_1721312740484{padding-top: 40px !important;background-color: #ebebeb !important;}&#8221; conditional_render=&#8221;%5B%7B%22value_role%22%3A%22administrator%22%7D%5D&#8221;][vc_column][vc_column_text el_class=&#8221;centro&#8221;]<\/p>\n<h2 class=\"fondogris\"><strong>What should you know before you start?<\/strong><\/h2>\n<p><span style=\"font-size: 16px;\">Most people who perform a positive airway pressure treatment agree that it takes time to adjust. But they also claim it&#8217;s worth it.<\/span><\/p>\n<p><span style=\"font-size: 16px;\">Here are some points to help you get on track with treatment, even before you start using the equipment.<\/span>[\/vc_column_text][\/vc_column][\/vc_row][vc_row disable_element=&#8221;yes&#8221; css=&#8221;.vc_custom_1721312748707{padding-top: 40px !important;}&#8221; conditional_render=&#8221;%5B%7B%22value_role%22%3A%22administrator%22%7D%5D&#8221;][vc_column width=&#8221;1\/2&#8243;][vc_column_text el_class=&#8221;centro&#8221;]<\/p>\n<h3><strong>Finding the ideal mask<\/strong><\/h3>\n<p>Choosing the right mask for you is essential. A wrong choice of mask can lead you not to adapt to the treatment.<\/p>\n<p>Discover the masks we offer at Cpap Therapy below by type of breathing, treatment needs, lifestyle and other options.<\/p>\n<p><a class=\"single_add_to_cart_button button alt\" href=\"https:\/\/www.terapiacpap.com\/en\/cpap-masks\/\">View masks<\/a>[\/vc_column_text][\/vc_column][vc_column width=&#8221;1\/2&#8243;][vc_column_text el_class=&#8221;centro&#8221;]<\/p>\n<h3><strong>Installing the Equipment<\/strong><\/h3>\n<p>The treatment system consists of a mask, a tube, the treatment equipment and the humidifier.<\/p>\n<p>Knowing what to do (and what not to do) when installing equipment can make all the difference throughout your treatment.<\/p>\n<p>We offer you some tips on the installation of equipment for the treatment of sleep apnea.<\/p>\n<p><a href=\"https:\/\/www.terapiacpap.com\/en\/treatment\/installing-the-equipment\/\">Read More<\/a>[\/vc_column_text][\/vc_column][\/vc_row][vc_row full_width=&#8221;stretch_row&#8221; disable_element=&#8221;yes&#8221; css=&#8221;.vc_custom_1721312757739{padding-top: 40px !important;background-color: #ebebeb !important;}&#8221; conditional_render=&#8221;%5B%7B%22value_role%22%3A%22administrator%22%7D%5D&#8221;][vc_column][vc_column_text el_class=&#8221;centro&#8221;]<\/p>\n<h2 class=\"fondogris\"><strong>Adaptation to treatment<\/strong><\/h2>\n<p><strong>Once you have installed the equipment and feel good using it, it is important to track the progress of treatment.<\/strong><\/p>\n<p>Staying committed to follow-up is the best way for you and your healthcare team to verify that your obstructive sleep apnea is controlled and properly treated.<br \/>\nAfter a while, you may realize that your treatment needs have changed, which involves changing the mask or treatment equipment settings. Follow-up is also helpful so that the healthcare professional can see how you are responding to specific treatment and adjust it, if necessary, so that you can continue to get the most out of therapy.[\/vc_column_text][\/vc_column][\/vc_row][vc_row disable_element=&#8221;yes&#8221; conditional_render=&#8221;%5B%7B%22value_role%22%3A%22administrator%22%7D%5D&#8221;][vc_column][vc_row_inner][vc_column_inner width=&#8221;1\/6&#8243;][\/vc_column_inner][vc_column_inner width=&#8221;4\/6&#8243;][vc_column_text el_class=&#8221;centro&#8221;]Request an appointment to learn about treatment or make an appointment![\/vc_column_text]\n<div class=\"wpcf7 no-js\" id=\"wpcf7-f4493-o1\" lang=\"es-ES\" dir=\"ltr\" data-wpcf7-id=\"4493\">\n<div class=\"screen-reader-response\"><p role=\"status\" aria-live=\"polite\" aria-atomic=\"true\"><\/p> <ul><\/ul><\/div>\n<form action=\"\/en\/wp-json\/wp\/v2\/pages\/54984#wpcf7-f4493-o1\" method=\"post\" class=\"wpcf7-form init\" aria-label=\"Formulario de contacto\" novalidate=\"novalidate\" data-status=\"init\">\n<div style=\"display: none;\">\n<input type=\"hidden\" name=\"_wpcf7\" value=\"4493\" \/>\n<input type=\"hidden\" name=\"_wpcf7_version\" value=\"6.0.3\" \/>\n<input type=\"hidden\" name=\"_wpcf7_locale\" value=\"es_ES\" \/>\n<input type=\"hidden\" name=\"_wpcf7_unit_tag\" value=\"wpcf7-f4493-o1\" \/>\n<input type=\"hidden\" name=\"_wpcf7_container_post\" value=\"0\" \/>\n<input type=\"hidden\" name=\"_wpcf7_posted_data_hash\" value=\"\" \/>\n<input type=\"hidden\" name=\"_wpcf7_recaptcha_response\" value=\"\" \/>\n<\/div>\n<div class=\"form-row\">\n<div class=\"column-half\"><span class=\"wpcf7-form-control-wrap\" data-name=\"first-name\"><input size=\"40\" maxlength=\"400\" class=\"wpcf7-form-control wpcf7-text wpcf7-validates-as-required\" aria-required=\"true\" aria-invalid=\"false\" placeholder=\"Nombre\" value=\"\" type=\"text\" name=\"first-name\" \/><\/span><\/div>\n<div class=\"column-half\"><span class=\"wpcf7-form-control-wrap\" data-name=\"last-name\"><input size=\"40\" maxlength=\"400\" class=\"wpcf7-form-control wpcf7-text wpcf7-validates-as-required\" aria-required=\"true\" aria-invalid=\"false\" placeholder=\"Apellidos\" value=\"\" type=\"text\" name=\"last-name\" \/><\/span><\/div>\n<\/div>\n \n<div class=\"form-row\">\n<div class=\"column-half\"><span class=\"wpcf7-form-control-wrap\" data-name=\"your-email\"><input size=\"40\" maxlength=\"400\" class=\"wpcf7-form-control wpcf7-email wpcf7-validates-as-required wpcf7-text wpcf7-validates-as-email\" aria-required=\"true\" aria-invalid=\"false\" placeholder=\"Introduzca su email aqu\u00ed\" value=\"\" type=\"email\" name=\"your-email\" \/><\/span><\/div>\n<div class=\"column-half\"><span class=\"wpcf7-form-control-wrap\" data-name=\"your-phone\"><input size=\"40\" maxlength=\"400\" class=\"wpcf7-form-control wpcf7-text wpcf7-validates-as-required\" aria-required=\"true\" aria-invalid=\"false\" placeholder=\"Tel\u00e9fono\" value=\"\" type=\"text\" name=\"your-phone\" \/><\/span><\/div>\n<\/div>\n \n<div class=\"form-row\">\n<div class=\"column-full\"><span class=\"wpcf7-form-control-wrap\" data-name=\"your-message\"><textarea cols=\"40\" rows=\"10\" maxlength=\"2000\" class=\"wpcf7-form-control wpcf7-textarea\" aria-invalid=\"false\" placeholder=\"Explique por que decide solicitar cita con Terapiacpap\" name=\"your-message\"><\/textarea><\/span><\/div>\n<\/div>\n<span class=\"wpcf7-form-control-wrap\" data-name=\"acceptance-725\"><span class=\"wpcf7-form-control wpcf7-acceptance\"><span class=\"wpcf7-list-item\"><input type=\"checkbox\" name=\"acceptance-725\" value=\"1\" aria-invalid=\"false\" \/><\/span><\/span><\/span> Ha le\u00eddo y acepta la <a href=\"\/politica-privacidad\/\">pol\u00edtica de privacidad. <\/a>\n<div>\n<span style=\"font-size: 10px;font-style:italic;\">Le informamos que el Responsable del tratamiento de sus datos es C.A.R. CARDIOLOGY ADVANCED REGISTER, S.L. Sus datos ser\u00e1n tratados para la gesti\u00f3n de citas, resoluci\u00f3n de consultas y cuestiones administrativas propias de la actividad. Sus datos no ser\u00e1n comunicados a terceros, salvo por obligaci\u00f3n legal o exigencias de autoridades p\u00fablicas competentes. Se conservar\u00e1n durante no m\u00e1s tiempo del necesario para mantener el fin del tratamiento o mientras existan prescripciones legales que dictaminen su custodia y cuando ya no sea necesario para ello, se suprimir\u00e1n con medidas de seguridad adecuadas. Usted tiene derecho a ejercer los derechos que le otorga la normativa vigente en materia de Protecci\u00f3n de datos, a trav\u00e9s del email: usuarios@terapiacpap.com. Puede consultar m\u00e1s informaci\u00f3n del tratamiento en la Pol\u00edtica de Privacidad.<\/span>\n<\/div>\n<div class=\"form-row\">\n<span class=\"wpcf7-form-control-wrap recaptcha\" data-name=\"recaptcha\"><span data-sitekey=\"6LcryPkhAAAAAAws-gg5iWdrSOIRlKc350VqMY_r\" class=\"wpcf7-form-control wpcf7-recaptcha g-recaptcha\"><\/span>\r\n<noscript>\r\n\t<div class=\"grecaptcha-noscript\">\r\n\t\t<iframe loading=\"lazy\" src=\"https:\/\/www.google.com\/recaptcha\/api\/fallback?k=6LcryPkhAAAAAAws-gg5iWdrSOIRlKc350VqMY_r\" frameborder=\"0\" scrolling=\"no\" width=\"310\" height=\"430\">\r\n\t\t<\/iframe>\r\n\t\t<textarea name=\"g-recaptcha-response\" rows=\"3\" cols=\"40\" placeholder=\"Aqu\u00ed la respuesta de reCAPTCHA\">\r\n\t\t<\/textarea>\r\n\t<\/div>\r\n<\/noscript>\r\n<\/span>\n<div class=\"column-full-enviar\"><input class=\"wpcf7-form-control wpcf7-submit has-spinner\" type=\"submit\" value=\"Enviar\" \/><\/div>\n<\/div>\n \n<\/div><!--end responsive-form--><div class=\"wpcf7-response-output\" aria-hidden=\"true\"><\/div>\n<\/form>\n<\/div>\n[\/vc_column_inner][vc_column_inner width=&#8221;1\/6&#8243;][\/vc_column_inner][\/vc_row_inner][\/vc_column][\/vc_row]<\/p>\n<\/section>","protected":false},"excerpt":{"rendered":"<p>[vc_row full_width=&#8221;stretch_row_content_no_spaces&#8221; conditional_render=&#8221;%5B%7B%22value_role%22%3A%22administrator%22%7D%5D&#8221; el_class=&#8221;mb25&#8243;][vc_column][vc_column_text][\/vc_column_text][\/vc_column][\/vc_row][vc_row content_placement=&#8221;middle&#8221; conditional_render=&#8221;%5B%7B%22value_role%22%3A%22administrator%22%7D%5D&#8221; el_class=&#8221;landing-row&#8221;][vc_column][vc_column_text]If you suspect that you may suffer from Obstructive Sleep Apnea Syndrome, you should go to your referring doctor to refer you to a specialist and perform a sleep study. Once you have a diagnosis of positive Obstructive Sleep Apnea Syndrome, you should be treated. Your doctor will tell [&hellip;]<\/p>\n","protected":false},"author":678,"featured_media":67436,"parent":0,"menu_order":0,"comment_status":"closed","ping_status":"closed","template":"","meta":{"_acf_changed":false,"footnotes":""},"class_list":["post-54984","page","type-page","status-publish","has-post-thumbnail","hentry"],"acf":[],"yoast_head":"<!-- This site is optimized with the Yoast SEO plugin v24.3 - https:\/\/yoast.com\/wordpress\/plugins\/seo\/ -->\n<title>Treatment de la apnea del sue\u00f1o | TerapiaCPAP<\/title>\n<meta name=\"description\" content=\"Once diagnosed with Obstructive Sleep Apnoea Syndrome, treatment must be started. Here&#039;s how to start the process\" \/>\n<meta name=\"robots\" content=\"index, follow, max-snippet:-1, max-image-preview:large, max-video-preview:-1\" \/>\n<link rel=\"canonical\" href=\"https:\/\/www.terapiacpap.com\/en\/treatment\/\" \/>\n<meta property=\"og:locale\" content=\"en_US\" \/>\n<meta property=\"og:type\" content=\"article\" \/>\n<meta property=\"og:title\" content=\"Treatment de la apnea del sue\u00f1o | TerapiaCPAP\" \/>\n<meta property=\"og:description\" content=\"Once diagnosed with Obstructive Sleep Apnoea Syndrome, treatment must be started. Here&#039;s how to start the process\" \/>\n<meta property=\"og:url\" content=\"https:\/\/www.terapiacpap.com\/en\/treatment\/\" \/>\n<meta property=\"og:site_name\" content=\"TerapiaCPAP\" \/>\n<meta property=\"article:publisher\" content=\"https:\/\/www.facebook.com\/terapiacpap\" \/>\n<meta property=\"article:modified_time\" content=\"2024-07-18T14:31:47+00:00\" \/>\n<meta property=\"og:image\" content=\"https:\/\/www.terapiacpap.com\/wp-content\/uploads\/2024\/07\/CABECERA-1.png\" \/>\n\t<meta property=\"og:image:width\" content=\"2500\" \/>\n\t<meta property=\"og:image:height\" content=\"893\" \/>\n\t<meta property=\"og:image:type\" content=\"image\/png\" \/>\n<meta name=\"twitter:card\" content=\"summary_large_image\" \/>\n<meta name=\"twitter:site\" content=\"@terapia_cpap\" \/>\n<meta name=\"twitter:label1\" content=\"Est. reading time\" \/>\n\t<meta name=\"twitter:data1\" content=\"2 minutes\" \/>\n<!-- \/ Yoast SEO plugin. -->","yoast_head_json":{"title":"Treatment de la apnea del sue\u00f1o | TerapiaCPAP","description":"Once diagnosed with Obstructive Sleep Apnoea Syndrome, treatment must be started. Here's how to start the process","robots":{"index":"index","follow":"follow","max-snippet":"max-snippet:-1","max-image-preview":"max-image-preview:large","max-video-preview":"max-video-preview:-1"},"canonical":"https:\/\/www.terapiacpap.com\/en\/treatment\/","og_locale":"en_US","og_type":"article","og_title":"Treatment de la apnea del sue\u00f1o | TerapiaCPAP","og_description":"Once diagnosed with Obstructive Sleep Apnoea Syndrome, treatment must be started. Here's how to start the process","og_url":"https:\/\/www.terapiacpap.com\/en\/treatment\/","og_site_name":"TerapiaCPAP","article_publisher":"https:\/\/www.facebook.com\/terapiacpap","article_modified_time":"2024-07-18T14:31:47+00:00","og_image":[{"width":2500,"height":893,"url":"https:\/\/www.terapiacpap.com\/wp-content\/uploads\/2024\/07\/CABECERA-1.png","type":"image\/png"}],"twitter_card":"summary_large_image","twitter_site":"@terapia_cpap","twitter_misc":{"Est. reading time":"2 minutes"},"schema":{"@context":"https:\/\/schema.org","@graph":[{"@type":"WebPage","@id":"https:\/\/www.terapiacpap.com\/en\/treatment\/","url":"https:\/\/www.terapiacpap.com\/en\/treatment\/","name":"Treatment de la apnea del sue\u00f1o | TerapiaCPAP","isPartOf":{"@id":"https:\/\/www.terapiacpap.com\/#website"},"primaryImageOfPage":{"@id":"https:\/\/www.terapiacpap.com\/en\/treatment\/#primaryimage"},"image":{"@id":"https:\/\/www.terapiacpap.com\/en\/treatment\/#primaryimage"},"thumbnailUrl":"https:\/\/www.terapiacpap.com\/wp-content\/uploads\/2024\/07\/CABECERA-1.png","datePublished":"2017-08-16T10:12:32+00:00","dateModified":"2024-07-18T14:31:47+00:00","description":"Once diagnosed with Obstructive Sleep Apnoea Syndrome, treatment must be started. Here's how to start the process","breadcrumb":{"@id":"https:\/\/www.terapiacpap.com\/en\/treatment\/#breadcrumb"},"inLanguage":"en-US","potentialAction":[{"@type":"ReadAction","target":["https:\/\/www.terapiacpap.com\/en\/treatment\/"]}]},{"@type":"ImageObject","inLanguage":"en-US","@id":"https:\/\/www.terapiacpap.com\/en\/treatment\/#primaryimage","url":"https:\/\/www.terapiacpap.com\/wp-content\/uploads\/2024\/07\/CABECERA-1.png","contentUrl":"https:\/\/www.terapiacpap.com\/wp-content\/uploads\/2024\/07\/CABECERA-1.png","width":2500,"height":893},{"@type":"BreadcrumbList","@id":"https:\/\/www.terapiacpap.com\/en\/treatment\/#breadcrumb","itemListElement":[{"@type":"ListItem","position":1,"name":"Home","item":"https:\/\/www.terapiacpap.com\/en\/"},{"@type":"ListItem","position":2,"name":"Treatment"}]},{"@type":"WebSite","@id":"https:\/\/www.terapiacpap.com\/#website","url":"https:\/\/www.terapiacpap.com\/","name":"TerapiaCPAP","description":"TerapiaCPAP especialistas en tratamiento del sue\u00f1o y en apnea del sue\u00f1o","publisher":{"@id":"https:\/\/www.terapiacpap.com\/#organization"},"potentialAction":[{"@type":"SearchAction","target":{"@type":"EntryPoint","urlTemplate":"https:\/\/www.terapiacpap.com\/?s={search_term_string}"},"query-input":{"@type":"PropertyValueSpecification","valueRequired":true,"valueName":"search_term_string"}}],"inLanguage":"en-US"},{"@type":"Organization","@id":"https:\/\/www.terapiacpap.com\/#organization","name":"TerapiaCPAP","url":"https:\/\/www.terapiacpap.com\/","logo":{"@type":"ImageObject","inLanguage":"en-US","@id":"https:\/\/www.terapiacpap.com\/#\/schema\/logo\/image\/","url":"https:\/\/www.terapiacpap.com\/wp-content\/uploads\/2020\/11\/logo-terapia-especialistas-ok.png","contentUrl":"https:\/\/www.terapiacpap.com\/wp-content\/uploads\/2020\/11\/logo-terapia-especialistas-ok.png","width":828,"height":277,"caption":"TerapiaCPAP"},"image":{"@id":"https:\/\/www.terapiacpap.com\/#\/schema\/logo\/image\/"},"sameAs":["https:\/\/www.facebook.com\/terapiacpap","https:\/\/x.com\/terapia_cpap","https:\/\/www.instagram.com\/terapiacpap\/?hl=es"]}]}},"_links":{"self":[{"href":"https:\/\/www.terapiacpap.com\/en\/wp-json\/wp\/v2\/pages\/54984","targetHints":{"allow":["GET"]}}],"collection":[{"href":"https:\/\/www.terapiacpap.com\/en\/wp-json\/wp\/v2\/pages"}],"about":[{"href":"https:\/\/www.terapiacpap.com\/en\/wp-json\/wp\/v2\/types\/page"}],"author":[{"embeddable":true,"href":"https:\/\/www.terapiacpap.com\/en\/wp-json\/wp\/v2\/users\/678"}],"replies":[{"embeddable":true,"href":"https:\/\/www.terapiacpap.com\/en\/wp-json\/wp\/v2\/comments?post=54984"}],"version-history":[{"count":17,"href":"https:\/\/www.terapiacpap.com\/en\/wp-json\/wp\/v2\/pages\/54984\/revisions"}],"predecessor-version":[{"id":67446,"href":"https:\/\/www.terapiacpap.com\/en\/wp-json\/wp\/v2\/pages\/54984\/revisions\/67446"}],"wp:featuredmedia":[{"embeddable":true,"href":"https:\/\/www.terapiacpap.com\/en\/wp-json\/wp\/v2\/media\/67436"}],"wp:attachment":[{"href":"https:\/\/www.terapiacpap.com\/en\/wp-json\/wp\/v2\/media?parent=54984"}],"curies":[{"name":"wp","href":"https:\/\/api.w.org\/{rel}","templated":true}]}}