{"id":54996,"date":"2022-01-11T11:03:38","date_gmt":"2022-01-11T10:03:38","guid":{"rendered":"https:\/\/www.terapiacpap.com\/work-with-us\/"},"modified":"2023-01-25T10:32:44","modified_gmt":"2023-01-25T09:32:44","slug":"work-with-us","status":"publish","type":"page","link":"https:\/\/www.terapiacpap.com\/en\/work-with-us\/","title":{"rendered":"Work with us"},"content":{"rendered":"<section class=\"wpb-content-wrapper\"><p>[vc_row][vc_column][vc_column_text]<\/p>\n<h2 style=\"text-align: center;\">Do you want to work with us?<\/h2>\n<p style=\"text-align: center;\">Fill out the form below or send us your CV to rrhh@terapiacpap.com<\/p>\n<p>[\/vc_column_text][\/vc_column][\/vc_row][vc_row][vc_column width=&#8221;1\/4&#8243;][\/vc_column][vc_column width=&#8221;1\/2&#8243;]\n<div class=\"wpcf7 no-js\" id=\"wpcf7-f43162-o1\" lang=\"es-ES\" dir=\"ltr\" data-wpcf7-id=\"43162\">\n<div class=\"screen-reader-response\"><p role=\"status\" aria-live=\"polite\" aria-atomic=\"true\"><\/p> <ul><\/ul><\/div>\n<form action=\"\/en\/wp-json\/wp\/v2\/pages\/54996#wpcf7-f43162-o1\" method=\"post\" class=\"wpcf7-form init\" aria-label=\"Formulario de contacto\" enctype=\"multipart\/form-data\" novalidate=\"novalidate\" data-status=\"init\">\n<div style=\"display: none;\">\n<input type=\"hidden\" name=\"_wpcf7\" value=\"43162\" \/>\n<input type=\"hidden\" name=\"_wpcf7_version\" value=\"6.0.3\" \/>\n<input type=\"hidden\" name=\"_wpcf7_locale\" value=\"es_ES\" \/>\n<input type=\"hidden\" name=\"_wpcf7_unit_tag\" value=\"wpcf7-f43162-o1\" \/>\n<input type=\"hidden\" name=\"_wpcf7_container_post\" value=\"0\" \/>\n<input type=\"hidden\" name=\"_wpcf7_posted_data_hash\" value=\"\" \/>\n<input type=\"hidden\" name=\"_wpcf7_recaptcha_response\" value=\"\" \/>\n<\/div>\n<div class=\"row\">\n    <div class=\"col-md-6\">\n        <div class=\"form-group\">\n            <label for=\"contact-name\">Nombre *<\/label>\n            <span class=\"wpcf7-form-control-wrap\" data-name=\"your-name\"><input size=\"40\" maxlength=\"400\" class=\"wpcf7-form-control wpcf7-text wpcf7-validates-as-required form-control\" id=\"contact-name\" aria-required=\"true\" aria-invalid=\"false\" value=\"\" type=\"text\" name=\"your-name\" \/><\/span>\n        <\/div>\n    <\/div>\n    <div class=\"col-md-6\">\n        <div class=\"form-group\">\n            <label for=\"contact-apell\">Apellidos *<\/label>\n            <span class=\"wpcf7-form-control-wrap\" data-name=\"text-apellidos\"><input size=\"40\" maxlength=\"400\" class=\"wpcf7-form-control wpcf7-text wpcf7-validates-as-required form-control\" id=\"contact-apell\" aria-required=\"true\" aria-invalid=\"false\" value=\"\" type=\"text\" name=\"text-apellidos\" \/><\/span>\n        <\/div>\n    <\/div>\n    <div class=\"col-md-6\">\n        <div class=\"form-group\">\n            <label for=\"contact-email\">Email *<\/label>\n            <span class=\"wpcf7-form-control-wrap\" data-name=\"your-email\"><input size=\"40\" maxlength=\"400\" class=\"wpcf7-form-control wpcf7-email wpcf7-validates-as-required wpcf7-text wpcf7-validates-as-email form-control\" id=\"contact-email\" aria-required=\"true\" aria-invalid=\"false\" value=\"\" type=\"email\" name=\"your-email\" \/><\/span>\n        <\/div>\n    <\/div>\n    <div class=\"col-md-6\">\n        <div class=\"form-group\">\n            <label for=\"contact-subject\">Tel\u00e9fono *<\/label>\n            <span class=\"wpcf7-form-control-wrap\" data-name=\"tel-0\"><input size=\"40\" maxlength=\"400\" class=\"wpcf7-form-control wpcf7-tel wpcf7-validates-as-required wpcf7-text wpcf7-validates-as-tel form-control\" id=\"telf\" aria-required=\"true\" aria-invalid=\"false\" value=\"\" type=\"tel\" name=\"tel-0\" \/><\/span>\n        <\/div>\n    <\/div>\n    <div class=\"col-md-12\">\n        <div class=\"form-group\">\n            <label for=\"contact-direccion\">Direcci\u00f3n<\/label>\n            <span class=\"wpcf7-form-control-wrap\" data-name=\"text-direccion\"><input size=\"40\" maxlength=\"400\" class=\"wpcf7-form-control wpcf7-text wpcf7-validates-as-required form-control\" id=\"contact-direccion\" aria-required=\"true\" aria-invalid=\"false\" value=\"\" type=\"text\" name=\"text-direccion\" \/><\/span>\n        <\/div>\n    <\/div>\n<div class=\"col-md-6\">\n        <div class=\"form-group\">\n            <label for=\"contact-pob\">Poblaci\u00f3n *<\/label>\n            <span class=\"wpcf7-form-control-wrap\" data-name=\"text-cp\"><input size=\"40\" maxlength=\"400\" class=\"wpcf7-form-control wpcf7-text wpcf7-validates-as-required form-control\" id=\"contact-pob\" aria-required=\"true\" aria-invalid=\"false\" value=\"\" type=\"text\" name=\"text-cp\" \/><\/span>\n        <\/div>\n    <\/div>\n    <div class=\"col-md-6\">\n        <div class=\"form-group\">\n            <label for=\"contact-cp\">CP *<\/label>\n            <span class=\"wpcf7-form-control-wrap\" data-name=\"text-cp\"><input size=\"40\" maxlength=\"400\" class=\"wpcf7-form-control wpcf7-text wpcf7-validates-as-required form-control\" id=\"contact-cp\" aria-required=\"true\" aria-invalid=\"false\" value=\"\" type=\"text\" name=\"text-cp\" \/><\/span>\n        <\/div>\n    <\/div>\n    <div class=\"col-md-12\">\n        <div class=\"form-group\">\n            <label for=\"contact-message\">Adjuntar CV<\/label>\n            <span class=\"wpcf7-form-control-wrap\" data-name=\"file-966\"><input size=\"40\" class=\"wpcf7-form-control wpcf7-file wpcf7-validates-as-required\" accept=\".pdf,.doc,.docx\" aria-required=\"true\" aria-invalid=\"false\" type=\"file\" name=\"file-966\" \/><\/span>\n            Archivos permitidos, pdf, doc y docx. M\u00e1x 2Mb\n        <\/div>\n    <\/div>\n    <div class=\"col-md-12\">\n        <div class=\"form-group\">\n            <span class=\"wpcf7-form-control-wrap\" data-name=\"acceptance-961\"><span class=\"wpcf7-form-control wpcf7-acceptance\"><span class=\"wpcf7-list-item\"><input type=\"checkbox\" name=\"acceptance-961\" value=\"1\" aria-invalid=\"false\" \/><\/span><\/span><\/span> Ha le\u00eddo y acepta la <a href=\"\/politica-privacidad\/\">pol\u00edtica de privacidad.<\/a> \n        <\/div>\n    <\/div>\n    <div>\n<span style=\"font-size: 10px;font-style:italic;\">Le informamos que el Responsable del tratamiento de sus datos es C.A.R. CARDIOLOGY ADVANCED REGISTER, S.L. Sus datos ser\u00e1n tratados para evaluar la ideoneidad de los candidatos para los puestos ofertados, as\u00ed como para posible inclusi\u00f3n en futuros procesos de selecci\u00f3n. Sus datos no ser\u00e1n comunicados a terceros, salvo por obligaci\u00f3n legal o exigencias de autoridades p\u00fablicas competentes. Se conservar\u00e1n durante no m\u00e1s tiempo del necesario para mantener el fin del tratamiento o mientras existan prescripciones legales que dictaminen su custodia y cuando ya no sea necesario para ello, se suprimir\u00e1n con medidas de seguridad adecuadas. Usted tiene derecho a ejercer los derechos que le otorga la normativa vigente en materia de Protecci\u00f3n de datos, a trav\u00e9s del email: usuarios@terapiacpap.com.Puede consultar m\u00e1s informaci\u00f3n del tratamiento en la Pol\u00edtica de Privacidad.<\/span>\n   <\/div>\n    <div class=\"col-md-12\">\n<span class=\"wpcf7-form-control-wrap recaptcha\" data-name=\"recaptcha\"><span data-sitekey=\"6LcryPkhAAAAAAws-gg5iWdrSOIRlKc350VqMY_r\" class=\"wpcf7-form-control wpcf7-recaptcha g-recaptcha\"><\/span>\r\n<noscript>\r\n\t<div class=\"grecaptcha-noscript\">\r\n\t\t<iframe loading=\"lazy\" src=\"https:\/\/www.google.com\/recaptcha\/api\/fallback?k=6LcryPkhAAAAAAws-gg5iWdrSOIRlKc350VqMY_r\" frameborder=\"0\" scrolling=\"no\" width=\"310\" height=\"430\">\r\n\t\t<\/iframe>\r\n\t\t<textarea name=\"g-recaptcha-response\" rows=\"3\" cols=\"40\" placeholder=\"Aqu\u00ed la respuesta de reCAPTCHA\">\r\n\t\t<\/textarea>\r\n\t<\/div>\r\n<\/noscript>\r\n<\/span>\n        <div class=\"form-group\">\n            <input class=\"wpcf7-form-control wpcf7-submit has-spinner btn btn-primary btn-lg\" type=\"submit\" value=\"Enviar\" \/>\n        <\/div>\n    <\/div>\n<\/div><div class=\"wpcf7-response-output\" aria-hidden=\"true\"><\/div>\n<\/form>\n<\/div>\n[\/vc_column][vc_column width=&#8221;1\/4&#8243;][\/vc_column][\/vc_row]<\/p>\n<\/section>","protected":false},"excerpt":{"rendered":"<p>[vc_row][vc_column][vc_column_text] Do you want to work with us? Fill out the form below or send us your CV to rrhh@terapiacpap.com [\/vc_column_text][\/vc_column][\/vc_row][vc_row][vc_column width=&#8221;1\/4&#8243;][\/vc_column][vc_column width=&#8221;1\/2&#8243;][\/vc_column][vc_column width=&#8221;1\/4&#8243;][\/vc_column][\/vc_row]<\/p>\n","protected":false},"author":678,"featured_media":0,"parent":0,"menu_order":0,"comment_status":"closed","ping_status":"closed","template":"","meta":{"_acf_changed":false,"footnotes":""},"class_list":["post-54996","page","type-page","status-publish","hentry"],"acf":[],"yoast_head":"<!-- This site is optimized with the Yoast SEO plugin v24.3 - https:\/\/yoast.com\/wordpress\/plugins\/seo\/ -->\n<title>Work with us | TerapiaCPAP<\/title>\n<meta name=\"robots\" content=\"index, follow, max-snippet:-1, max-image-preview:large, max-video-preview:-1\" \/>\n<link rel=\"canonical\" href=\"https:\/\/www.terapiacpap.com\/trabaja-con-nosotros\/\" \/>\n<meta property=\"og:locale\" content=\"en_US\" \/>\n<meta property=\"og:type\" content=\"article\" \/>\n<meta property=\"og:title\" content=\"Work with us | TerapiaCPAP\" \/>\n<meta property=\"og:description\" content=\"[vc_row][vc_column][vc_column_text] Do you want to work with us? Fill out the form below or send us your CV to rrhh@terapiacpap.com [\/vc_column_text][\/vc_column][\/vc_row][vc_row][vc_column width=&#8221;1\/4&#8243;][\/vc_column][vc_column width=&#8221;1\/2&#8243;][\/vc_column][vc_column width=&#8221;1\/4&#8243;][\/vc_column][\/vc_row]\" \/>\n<meta property=\"og:url\" content=\"https:\/\/www.terapiacpap.com\/trabaja-con-nosotros\/\" \/>\n<meta property=\"og:site_name\" content=\"TerapiaCPAP\" \/>\n<meta property=\"article:publisher\" content=\"https:\/\/www.facebook.com\/terapiacpap\" \/>\n<meta property=\"article:modified_time\" content=\"2023-01-25T09:32:44+00:00\" \/>\n<meta property=\"og:image\" content=\"https:\/\/www.terapiacpap.com\/wp-content\/uploads\/2020\/11\/logo-terapia-especialistas-ok.png\" \/>\n\t<meta property=\"og:image:width\" content=\"828\" \/>\n\t<meta property=\"og:image:height\" content=\"277\" \/>\n\t<meta property=\"og:image:type\" content=\"image\/png\" \/>\n<meta name=\"twitter:card\" content=\"summary_large_image\" \/>\n<meta name=\"twitter:site\" content=\"@terapia_cpap\" \/>\n<!-- \/ Yoast SEO plugin. -->","yoast_head_json":{"title":"Work with us | TerapiaCPAP","robots":{"index":"index","follow":"follow","max-snippet":"max-snippet:-1","max-image-preview":"max-image-preview:large","max-video-preview":"max-video-preview:-1"},"canonical":"https:\/\/www.terapiacpap.com\/trabaja-con-nosotros\/","og_locale":"en_US","og_type":"article","og_title":"Work with us | TerapiaCPAP","og_description":"[vc_row][vc_column][vc_column_text] Do you want to work with us? Fill out the form below or send us your CV to rrhh@terapiacpap.com [\/vc_column_text][\/vc_column][\/vc_row][vc_row][vc_column width=&#8221;1\/4&#8243;][\/vc_column][vc_column width=&#8221;1\/2&#8243;][\/vc_column][vc_column width=&#8221;1\/4&#8243;][\/vc_column][\/vc_row]","og_url":"https:\/\/www.terapiacpap.com\/trabaja-con-nosotros\/","og_site_name":"TerapiaCPAP","article_publisher":"https:\/\/www.facebook.com\/terapiacpap","article_modified_time":"2023-01-25T09:32:44+00:00","og_image":[{"width":828,"height":277,"url":"https:\/\/www.terapiacpap.com\/wp-content\/uploads\/2020\/11\/logo-terapia-especialistas-ok.png","type":"image\/png"}],"twitter_card":"summary_large_image","twitter_site":"@terapia_cpap","schema":{"@context":"https:\/\/schema.org","@graph":[{"@type":"WebPage","@id":"https:\/\/www.terapiacpap.com\/trabaja-con-nosotros\/","url":"https:\/\/www.terapiacpap.com\/trabaja-con-nosotros\/","name":"Work with us | TerapiaCPAP","isPartOf":{"@id":"https:\/\/www.terapiacpap.com\/#website"},"datePublished":"2022-01-11T10:03:38+00:00","dateModified":"2023-01-25T09:32:44+00:00","breadcrumb":{"@id":"https:\/\/www.terapiacpap.com\/trabaja-con-nosotros\/#breadcrumb"},"inLanguage":"en-US","potentialAction":[{"@type":"ReadAction","target":["https:\/\/www.terapiacpap.com\/trabaja-con-nosotros\/"]}]},{"@type":"BreadcrumbList","@id":"https:\/\/www.terapiacpap.com\/trabaja-con-nosotros\/#breadcrumb","itemListElement":[{"@type":"ListItem","position":1,"name":"Home","item":"https:\/\/www.terapiacpap.com\/en\/"},{"@type":"ListItem","position":2,"name":"Work with us"}]},{"@type":"WebSite","@id":"https:\/\/www.terapiacpap.com\/#website","url":"https:\/\/www.terapiacpap.com\/","name":"TerapiaCPAP","description":"TerapiaCPAP especialistas en tratamiento del sue\u00f1o y en apnea del sue\u00f1o","publisher":{"@id":"https:\/\/www.terapiacpap.com\/#organization"},"potentialAction":[{"@type":"SearchAction","target":{"@type":"EntryPoint","urlTemplate":"https:\/\/www.terapiacpap.com\/?s={search_term_string}"},"query-input":{"@type":"PropertyValueSpecification","valueRequired":true,"valueName":"search_term_string"}}],"inLanguage":"en-US"},{"@type":"Organization","@id":"https:\/\/www.terapiacpap.com\/#organization","name":"TerapiaCPAP","url":"https:\/\/www.terapiacpap.com\/","logo":{"@type":"ImageObject","inLanguage":"en-US","@id":"https:\/\/www.terapiacpap.com\/#\/schema\/logo\/image\/","url":"https:\/\/www.terapiacpap.com\/wp-content\/uploads\/2020\/11\/logo-terapia-especialistas-ok.png","contentUrl":"https:\/\/www.terapiacpap.com\/wp-content\/uploads\/2020\/11\/logo-terapia-especialistas-ok.png","width":828,"height":277,"caption":"TerapiaCPAP"},"image":{"@id":"https:\/\/www.terapiacpap.com\/#\/schema\/logo\/image\/"},"sameAs":["https:\/\/www.facebook.com\/terapiacpap","https:\/\/x.com\/terapia_cpap","https:\/\/www.instagram.com\/terapiacpap\/?hl=es"]}]}},"_links":{"self":[{"href":"https:\/\/www.terapiacpap.com\/en\/wp-json\/wp\/v2\/pages\/54996","targetHints":{"allow":["GET"]}}],"collection":[{"href":"https:\/\/www.terapiacpap.com\/en\/wp-json\/wp\/v2\/pages"}],"about":[{"href":"https:\/\/www.terapiacpap.com\/en\/wp-json\/wp\/v2\/types\/page"}],"author":[{"embeddable":true,"href":"https:\/\/www.terapiacpap.com\/en\/wp-json\/wp\/v2\/users\/678"}],"replies":[{"embeddable":true,"href":"https:\/\/www.terapiacpap.com\/en\/wp-json\/wp\/v2\/comments?post=54996"}],"version-history":[{"count":1,"href":"https:\/\/www.terapiacpap.com\/en\/wp-json\/wp\/v2\/pages\/54996\/revisions"}],"predecessor-version":[{"id":55009,"href":"https:\/\/www.terapiacpap.com\/en\/wp-json\/wp\/v2\/pages\/54996\/revisions\/55009"}],"wp:attachment":[{"href":"https:\/\/www.terapiacpap.com\/en\/wp-json\/wp\/v2\/media?parent=54996"}],"curies":[{"name":"wp","href":"https:\/\/api.w.org\/{rel}","templated":true}]}}