{"id":57601,"date":"2014-06-30T13:40:55","date_gmt":"2014-06-30T11:40:55","guid":{"rendered":"https:\/\/www.terapiacpap.com\/producto\/mascarilla-airfit-f10-8\/"},"modified":"2025-12-02T09:40:22","modified_gmt":"2025-12-02T08:40:22","slug":"mascarilla-airfit-p10","status":"publish","type":"product","link":"https:\/\/www.terapiacpap.com\/en\/producto\/mascarilla-airfit-p10\/","title":{"rendered":"AirFit P10 Mascarilla CPAP Resmed"},"content":{"rendered":"<div class=\"row \">\n<div id=\"wpv-column-ad891e612c4653e06e301026b2180cdb\" class=\"wpv-grid grid-1-1 wpv-first-level first unextended animation-from-left animated-active animation-ended\" style=\"padding-top: 0px;padding-bottom: 0px\">\n<div class=\"row \">\n<div id=\"wpv-column-ee4d441e38d049db6cb530a095b2d977\" class=\"wpv-grid grid-1-1 wpv-first-level first unextended animation-from-left animated-active animation-ended\" style=\"padding-top: 0px;padding-bottom: 0px\">\n<p>La ventilaci\u00f3n <strong>QuietAir\u2122<\/strong> de la mascarilla <strong>AirFit P10<\/strong> dirige silenciosamente el aire exhalado (con un 21.4 dBA\u2026 levemente audibles)1 para que los pacientes y sus parejas apenas lo perciban. Esta es la mascarilla m\u00e1s silenciosa de ResMed a la fecha.<\/p>\n<p>El arn\u00e9s el\u00e1stico <strong>QuickFit\u2122<\/strong> es compacto y tiene un exclusivo dise\u00f1o de correas divididas para ofrecer estabilidad y ajuste con un m\u00ednimo contacto facial. Adem\u00e1s, en un estudio cl\u00ednico reciente se demostr\u00f3 que los pacientes dorm\u00edan m\u00e1s de 40 minutos adicionales cada noche al usar la mascarilla <strong>AirFit P10.<\/strong><\/p>\n<ul>\n<li data-start=\"129\" data-end=\"275\"><strong data-start=\"129\" data-end=\"174\">La mascarilla nasal AirFit\u2122 P10 de ResMed<\/strong> es la opci\u00f3n m\u00e1s <strong data-start=\"192\" data-end=\"233\">ligera y silenciosa para terapia CPAP<\/strong>, ofreciendo mayor comodidad y discreci\u00f3n.<\/li>\n<li data-start=\"277\" data-end=\"456\"><strong data-start=\"277\" data-end=\"296\">M\u00e1s silenciosa.<\/strong> Con solo <strong data-start=\"306\" data-end=\"318\">21,4 dBA<\/strong>, es la mascarilla nasal m\u00e1s silenciosa de ResMed, un <strong data-start=\"372\" data-end=\"394\">50% m\u00e1s silenciosa<\/strong> que otros modelos, ideal para un descanso sin interrupciones.<\/li>\n<li data-start=\"458\" data-end=\"598\"><strong data-start=\"458\" data-end=\"483\">Ultraligera y c\u00f3moda.<\/strong> Su dise\u00f1o minimalista la hace <strong data-start=\"514\" data-end=\"535\">un 50% m\u00e1s ligera<\/strong>, favoreciendo la adaptaci\u00f3n y comodidad durante toda la noche.<\/li>\n<li data-start=\"600\" data-end=\"745\"><strong data-start=\"600\" data-end=\"627\">Ventilaci\u00f3n silenciosa.<\/strong> La malla <strong data-start=\"637\" data-end=\"650\">QuietAir\u2122<\/strong> expulsa el aire de forma suave y silenciosa, reduciendo molestias para el usuario y su pareja.<\/li>\n<li data-start=\"747\" data-end=\"908\"><strong data-start=\"747\" data-end=\"768\">F\u00e1cil de colocar.<\/strong> El <strong data-start=\"772\" data-end=\"791\">arn\u00e9s QuickFit\u2122<\/strong> se ajusta autom\u00e1ticamente y permite colocarla en <strong data-start=\"841\" data-end=\"865\">menos de 30 segundos<\/strong>, con estabilidad y m\u00ednimo contacto facial.<\/li>\n<li data-start=\"910\" data-end=\"1013\"><strong data-start=\"910\" data-end=\"928\">Ajuste seguro.<\/strong> El arn\u00e9s mantiene las almohadillas nasales firmes y c\u00f3modas para una terapia eficaz.<\/li>\n<li data-start=\"1015\" data-end=\"1159\"><strong data-start=\"1015\" data-end=\"1036\">Selecci\u00f3n r\u00e1pida.<\/strong> Las almohadillas llevan <strong data-start=\"1061\" data-end=\"1080\">c\u00f3digo de color<\/strong>, facilitando elegir el tama\u00f1o adecuado y mejorar la adherencia al tratamiento.<\/li>\n<li><strong>C\u00f3digo de color.<\/strong> Cada tama\u00f1o de las almohadillas tiene un color diferente para que el paciente los identifique y emplee con facilidad:\u00a0 transparente (peque\u00f1o), gris (mediano) y azul (grande).<\/li>\n<\/ul>\n<p>&nbsp;<\/p>\n<\/div>\n<\/div>\n<\/div>\n<\/div>\n","protected":false},"excerpt":{"rendered":"<p><span style=\"font-size: 12px\"><em>*Oferta exclusiva online<\/em><\/span><\/p>\n<p>Esta nueva e innovadora mascarilla de almohadillas nasales AirFit\u2122 P10 de ResMed ofrece el mismo rendimiento y la confiabilidad de la popular m\u00e1scara Swift\u2122 FX, sin embargo, es aproximadamente un 50% m\u00e1s silenciosa y el 50% m\u00e1s ligera.<\/p>\n<p>Tallas de almohadilla incluidas: S, M, L<\/p>\n<p><a href=\"https:\/\/www.terapiacpap.com\/wp-content\/uploads\/2022\/09\/airfit-p10_user-guide_eur1_mul.pdf\" target=\"_blank\" rel=\"noopener\">Consulta el manual de usuario<\/a><\/p>\n","protected":false},"featured_media":61268,"comment_status":"open","ping_status":"closed","template":"","meta":{"_acf_changed":false},"product_brand":[],"product_cat":[1123,1230,1291,1293],"product_tag":[1131,1320,1321],"class_list":{"0":"post-57601","1":"product","2":"type-product","3":"status-publish","4":"has-post-thumbnail","6":"product_cat-cpap-masks","7":"product_cat-nasal-pillow-masks","8":"product_cat-sin-imanes-en","9":"product_cat-nasales-sin-imanes-en","10":"product_tag-airfit-en","11":"product_tag-airfit-p10-en","12":"product_tag-airfit-resmed-en","14":"first","15":"instock","16":"taxable","17":"shipping-taxable","18":"purchasable","19":"product-type-simple"},"acf":[],"yoast_head":"<!-- This site is optimized with the Yoast SEO plugin v24.3 - https:\/\/yoast.com\/wordpress\/plugins\/seo\/ -->\n<title>Mascarilla AirFit P10 ResMed<\/title>\n<meta name=\"description\" content=\"Descubre la mascarilla nasal AirFit P10 de ResMed: ligera, ultra silenciosa y c\u00f3moda, dise\u00f1ada para una terapia CPAP casi imperceptible y eficaz.\" \/>\n<meta name=\"robots\" content=\"index, follow, max-snippet:-1, max-image-preview:large, max-video-preview:-1\" \/>\n<link rel=\"canonical\" href=\"https:\/\/www.terapiacpap.com\/en\/producto\/mascarilla-airfit-p10\/\" \/>\n<meta property=\"og:locale\" content=\"en_US\" \/>\n<meta property=\"og:type\" content=\"article\" \/>\n<meta property=\"og:title\" content=\"Mascarilla AirFit P10 ResMed\" \/>\n<meta property=\"og:description\" content=\"Descubre la mascarilla nasal AirFit P10 de ResMed: ligera, ultra silenciosa y c\u00f3moda, dise\u00f1ada para una terapia CPAP casi imperceptible y eficaz.\" \/>\n<meta property=\"og:url\" content=\"https:\/\/www.terapiacpap.com\/en\/producto\/mascarilla-airfit-p10\/\" \/>\n<meta property=\"og:site_name\" content=\"TerapiaCPAP\" \/>\n<meta property=\"article:publisher\" content=\"https:\/\/www.facebook.com\/terapiacpap\" \/>\n<meta property=\"article:modified_time\" content=\"2025-12-02T08:40:22+00:00\" \/>\n<meta property=\"og:image\" content=\"https:\/\/www.terapiacpap.com\/wp-content\/uploads\/2014\/06\/mascarilla-airfit-f10-6.jpg\" \/>\n\t<meta property=\"og:image:width\" content=\"400\" \/>\n\t<meta property=\"og:image:height\" content=\"400\" \/>\n\t<meta property=\"og:image:type\" content=\"image\/jpeg\" \/>\n<meta name=\"twitter:card\" content=\"summary_large_image\" \/>\n<meta name=\"twitter:site\" content=\"@terapia_cpap\" \/>\n<meta name=\"twitter:label1\" content=\"Est. reading time\" \/>\n\t<meta name=\"twitter:data1\" content=\"2 minutes\" \/>\n<!-- \/ Yoast SEO plugin. -->","yoast_head_json":{"title":"Mascarilla AirFit P10 ResMed","description":"Descubre la mascarilla nasal AirFit P10 de ResMed: ligera, ultra silenciosa y c\u00f3moda, dise\u00f1ada para una terapia CPAP casi imperceptible y eficaz.","robots":{"index":"index","follow":"follow","max-snippet":"max-snippet:-1","max-image-preview":"max-image-preview:large","max-video-preview":"max-video-preview:-1"},"canonical":"https:\/\/www.terapiacpap.com\/en\/producto\/mascarilla-airfit-p10\/","og_locale":"en_US","og_type":"article","og_title":"Mascarilla AirFit P10 ResMed","og_description":"Descubre la mascarilla nasal AirFit P10 de ResMed: ligera, ultra silenciosa y c\u00f3moda, dise\u00f1ada para una terapia CPAP casi imperceptible y eficaz.","og_url":"https:\/\/www.terapiacpap.com\/en\/producto\/mascarilla-airfit-p10\/","og_site_name":"TerapiaCPAP","article_publisher":"https:\/\/www.facebook.com\/terapiacpap","article_modified_time":"2025-12-02T08:40:22+00:00","og_image":[{"width":400,"height":400,"url":"https:\/\/www.terapiacpap.com\/wp-content\/uploads\/2014\/06\/mascarilla-airfit-f10-6.jpg","type":"image\/jpeg"}],"twitter_card":"summary_large_image","twitter_site":"@terapia_cpap","twitter_misc":{"Est. reading time":"2 minutes"},"schema":{"@context":"https:\/\/schema.org","@graph":[{"@type":["WebPage","ItemPage"],"@id":"https:\/\/www.terapiacpap.com\/en\/producto\/mascarilla-airfit-p10\/","url":"https:\/\/www.terapiacpap.com\/en\/producto\/mascarilla-airfit-p10\/","name":"Mascarilla AirFit P10 ResMed","isPartOf":{"@id":"https:\/\/www.terapiacpap.com\/#website"},"primaryImageOfPage":{"@id":"https:\/\/www.terapiacpap.com\/en\/producto\/mascarilla-airfit-p10\/#primaryimage"},"image":{"@id":"https:\/\/www.terapiacpap.com\/en\/producto\/mascarilla-airfit-p10\/#primaryimage"},"thumbnailUrl":"https:\/\/www.terapiacpap.com\/wp-content\/uploads\/2014\/06\/mascarilla-airfit-f10-6.jpg","datePublished":"2014-06-30T11:40:55+00:00","dateModified":"2025-12-02T08:40:22+00:00","description":"Descubre la mascarilla nasal AirFit P10 de ResMed: ligera, ultra silenciosa y c\u00f3moda, dise\u00f1ada para una terapia CPAP casi imperceptible y eficaz.","breadcrumb":{"@id":"https:\/\/www.terapiacpap.com\/en\/producto\/mascarilla-airfit-p10\/#breadcrumb"},"inLanguage":"en-US","potentialAction":[{"@type":"ReadAction","target":["https:\/\/www.terapiacpap.com\/en\/producto\/mascarilla-airfit-p10\/"]}]},{"@type":"ImageObject","inLanguage":"en-US","@id":"https:\/\/www.terapiacpap.com\/en\/producto\/mascarilla-airfit-p10\/#primaryimage","url":"https:\/\/www.terapiacpap.com\/wp-content\/uploads\/2014\/06\/mascarilla-airfit-f10-6.jpg","contentUrl":"https:\/\/www.terapiacpap.com\/wp-content\/uploads\/2014\/06\/mascarilla-airfit-f10-6.jpg","width":400,"height":400},{"@type":"BreadcrumbList","@id":"https:\/\/www.terapiacpap.com\/en\/producto\/mascarilla-airfit-p10\/#breadcrumb","itemListElement":[{"@type":"ListItem","position":1,"name":"Home","item":"https:\/\/www.terapiacpap.com\/en\/"},{"@type":"ListItem","position":2,"name":"Shop","item":"https:\/\/www.terapiacpap.com\/the-shop\/"},{"@type":"ListItem","position":3,"name":"AirFit P10 Mascarilla CPAP Resmed"}]},{"@type":"WebSite","@id":"https:\/\/www.terapiacpap.com\/#website","url":"https:\/\/www.terapiacpap.com\/","name":"TerapiaCPAP","description":"TerapiaCPAP especialistas en tratamiento del sue\u00f1o y en apnea del sue\u00f1o","publisher":{"@id":"https:\/\/www.terapiacpap.com\/#organization"},"potentialAction":[{"@type":"SearchAction","target":{"@type":"EntryPoint","urlTemplate":"https:\/\/www.terapiacpap.com\/?s={search_term_string}"},"query-input":{"@type":"PropertyValueSpecification","valueRequired":true,"valueName":"search_term_string"}}],"inLanguage":"en-US"},{"@type":"Organization","@id":"https:\/\/www.terapiacpap.com\/#organization","name":"TerapiaCPAP","url":"https:\/\/www.terapiacpap.com\/","logo":{"@type":"ImageObject","inLanguage":"en-US","@id":"https:\/\/www.terapiacpap.com\/#\/schema\/logo\/image\/","url":"https:\/\/www.terapiacpap.com\/wp-content\/uploads\/2020\/11\/logo-terapia-especialistas-ok.png","contentUrl":"https:\/\/www.terapiacpap.com\/wp-content\/uploads\/2020\/11\/logo-terapia-especialistas-ok.png","width":828,"height":277,"caption":"TerapiaCPAP"},"image":{"@id":"https:\/\/www.terapiacpap.com\/#\/schema\/logo\/image\/"},"sameAs":["https:\/\/www.facebook.com\/terapiacpap","https:\/\/x.com\/terapia_cpap","https:\/\/www.instagram.com\/terapiacpap\/?hl=es"]}]}},"_links":{"self":[{"href":"https:\/\/www.terapiacpap.com\/en\/wp-json\/wp\/v2\/product\/57601","targetHints":{"allow":["GET"]}}],"collection":[{"href":"https:\/\/www.terapiacpap.com\/en\/wp-json\/wp\/v2\/product"}],"about":[{"href":"https:\/\/www.terapiacpap.com\/en\/wp-json\/wp\/v2\/types\/product"}],"replies":[{"embeddable":true,"href":"https:\/\/www.terapiacpap.com\/en\/wp-json\/wp\/v2\/comments?post=57601"}],"wp:featuredmedia":[{"embeddable":true,"href":"https:\/\/www.terapiacpap.com\/en\/wp-json\/wp\/v2\/media\/61268"}],"wp:attachment":[{"href":"https:\/\/www.terapiacpap.com\/en\/wp-json\/wp\/v2\/media?parent=57601"}],"wp:term":[{"taxonomy":"product_brand","embeddable":true,"href":"https:\/\/www.terapiacpap.com\/en\/wp-json\/wp\/v2\/product_brand?post=57601"},{"taxonomy":"product_cat","embeddable":true,"href":"https:\/\/www.terapiacpap.com\/en\/wp-json\/wp\/v2\/product_cat?post=57601"},{"taxonomy":"product_tag","embeddable":true,"href":"https:\/\/www.terapiacpap.com\/en\/wp-json\/wp\/v2\/product_tag?post=57601"}],"curies":[{"name":"wp","href":"https:\/\/api.w.org\/{rel}","templated":true}]}}