{"id":76637,"date":"2023-12-19T11:01:16","date_gmt":"2023-12-19T10:01:16","guid":{"rendered":"https:\/\/www.terapiacpap.com\/producto\/vivo-3-breas\/"},"modified":"2025-02-11T11:32:28","modified_gmt":"2025-02-11T10:32:28","slug":"vivo-3-breas","status":"publish","type":"product","link":"https:\/\/www.terapiacpap.com\/en\/producto\/vivo-3-breas\/","title":{"rendered":"BIPAP VIVO 3"},"content":{"rendered":"<p>Breas Vivo 3<\/p>\n<p>BREAS VIVO ventilators are BIPAP respiratory ventilators designed for patients with chronic respiratory insufficiency or respiratory failure.<br \/>\nThere are different devices within the BREAS family depending on the needs of the patient. There are the VIVO 1, VIVO 2, VIVO 3, VIVO 45.<br \/>\nAll ventilators are designed to assist the patient with chronic respiratory insufficiency or respiratory failure by maintaining adequate levels of carbon dioxide in the blood.<\/p>\n<p>How does the Breas Vivo 3 work?<\/p>\n<p>The Vivo 1 ventilator is designed for patients weighing more than 10 kg. It has the following ventilatory modes: PSV\/ CPAP\/ ST. The maximum and minimum pressure provided by the device is 4-25 cmH2O.<\/p>\n<p>The Vivo 2 ventilator is also designed for patients weighing 10 kg or more. It has the following ventilatory modes: PSV\/ CPAP\/ ST \/ T \/ Tgv. The maximum and minimum pressure provided by the device is 4-30 cmH2O. Assured Volume of 100-1500ml.<\/p>\n<p>The Vivo 3 ventilator is also designed for patients weighing 10 kg or more. It has the following ventilatory modes: PSV\/ CPAP\/ ST \/ T \/ Tgv.<\/p>\n<p>The maximum and minimum pressure provided by the device is 4-40 cmH2O. It has an Assured Volume of 100-1500ml. In addition, it has a removable battery of 4h of duration.<\/p>\n<p>The Vivo 45 ventilator is designed for nocturnal use and activities. It has multiple ventilatory modes both invasive and non-invasive, in addition, it includes Auto EPAP algorithms and is mouth pipette compatible with PVC mode. It offers the possibility of integrated polygraphic monitoring by means of: SpO2, FiO2, CO2, respiratory effort bands. It has a 2.5h battery to which a 6.5h battery can be added.<\/p>\n<p>The BREAS family offers easy-to-use in-hospital and home telemonitoring of the patient, allowing the healthcare professional to observe the following parameters in real or deferred mode:<\/p>\n<p>&#8211; respiratory rate,<br \/>\n&#8211; peak pressure<br \/>\n&#8211; tidal volume (the amount of air delivered with each breath),<br \/>\n&#8211; inspiratory and expiratory times,<br \/>\n&#8211; other settings based on the patient&#8217;s needs and condition.<\/p>\n<h3>Respiratory treatments with Breas Vivo 3<\/h3>\n<p>The BREAS family can be used to treat or manage a wide range of respiratory conditions, such as:<\/p>\n<p>&#8211; chronic obstructive pulmonary disease (COPD),<br \/>\n&#8211; respiratory muscle weakness<br \/>\n&#8211; neuromuscular disorders,<br \/>\n&#8211; obstructive sleep apnoea (OSA),<br \/>\n&#8211; acute respiratory distress syndrome (ARDS),<br \/>\n&#8211; postoperative,<br \/>\n&#8211; trauma.<\/p>\n<p>The device is portable and lightweight, with the humidifier built into the device itself, so patients can use it comfortably at home or on the go.<\/p>\n<p>The BIPAP Breas Vivo ventilator allows data to be downloaded to a computer for monitoring respiratory therapy.<br \/>\nBuying a BIPAP Breas Vivo ventilator from the TerapiaCPAP shop has many advantages:<\/p>\n<p>&#8211; Fast delivery;<br \/>\n&#8211; Possibility of financing;<br \/>\n&#8211; Installation of the equipment at home by specialised personnel;<br \/>\n&#8211; After-sales customer service;<br \/>\n&#8211; Annual maintenance of the BIPAP equipment (check of operation, change of filters, sanitation);<\/p>\n<p>In addition, we have several accessories for Breas Vivo:<\/p>\n<p>&#8211; Transport bag;<br \/>\n&#8211; Batteries;<br \/>\n&#8211; Heated humidification circuit.<\/p>\n<p>How do portable oxygen concentrators work?<\/p>\n<p>The basic principle of an oxygen concentrator relies on the separation of oxygen from the ambient air. There is approximately 79% oxygen and 20% oxygen in the ambient air. The concentrator filters out the concentrated oxygen molecules and provides patients with 90% to 95% oxygen.<br \/>\nInside the concentrator are two sieve beds, one of which removes nitrogen from the ambient air and the other releases oxygen into the cylinder. In addition, the pressure valve maintains the oxygen supply flow between 5 and 10 litres per minute.<br \/>\nThe oxygen generated inside the cylinder is subsequently delivered through the nasal cannulae.<\/p>\n<p>Features of portable oxygen concentrators<\/p>\n<p>Portable concentrators are BATTERY powered and smaller. They have a shoulder harness, among other options.<br \/>\nPortable concentrators give you oxygen by \u2018pulse dose\u2019, which means that oxygen comes out in small bursts each time you inhale. Some models can give you oxygen at a constant flow.<br \/>\nThe two main differences between fixed and portable concentrators are their size and flow rate (portable models deliver 1 to 5 litres per minute).<br \/>\nPortable oxygen concentrators provide greater flexibility for respiratory patients who do not require high doses of oxygen. They can operate from a variety of power sources and can be charged from a wall outlet, car adapter or battery.<br \/>\nPortable concentrators are often considered a complement to a home concentrator, rather than an alternative, as they offer the patient the safety and reliability of the stationary model and the freedom of the portable model.<\/p>\n<p>COMPACT<br \/>\n&#8211; One platform &#8211; Three models<br \/>\n&#8211; Lightweight and compact<br \/>\n&#8211; Integrated humidifier with heated cable loop<\/p>\n<p>ADAPTABLE<br \/>\n&#8211; Wide range of Modes<br \/>\n&#8211; Adult and paediatric (&gt;10 kg)<br \/>\n&#8211; Intuitive interface<br \/>\n&#8211; Extensive therapy data<br \/>\n&#8211; Suitable for hospital and home use<\/p>\n<p>CONNECTED<br \/>\nFor more effective connected care<br \/>\n&#8211; EveryWare &#8211; Cloud-based connectivity solution (Not included)<br \/>\n&#8211; PC Software &#8211; Desktop based with Live Viewer (Not included)<\/p>\n","protected":false},"excerpt":{"rendered":"<p>Vivo 3 is designed to provide invasive or non-invasive ventilation to patients weighing more than 10 kg who require long-term mechanical ventilation or support for respiratory failure or respiratory insufficiency, with or without obstructive sleep apnoea.<br \/>\nVivo 3 is indicated for patients with spontaneous breathing.<\/p>\n<p>MEDICAL PRESCRIPTION REQUIRED<\/p>\n","protected":false},"featured_media":62607,"comment_status":"open","ping_status":"closed","template":"","meta":{"_acf_changed":false},"product_brand":[],"product_cat":[1288,1380],"product_tag":[],"class_list":{"0":"post-76637","1":"product","2":"type-product","3":"status-publish","4":"has-post-thumbnail","6":"product_cat-respiratory-care","7":"product_cat-ventilacion-en","9":"first","10":"instock","11":"taxable","12":"shipping-taxable","13":"purchasable","14":"product-type-simple"},"acf":[],"yoast_head":"<!-- This site is optimized with the Yoast SEO plugin v24.3 - https:\/\/yoast.com\/wordpress\/plugins\/seo\/ -->\n<title>Equipo BIPAP Breas Vivo 3 | TerapiaCPAP<\/title>\n<meta name=\"description\" content=\"Breas Vivo 3 es un equipo BIPAP preparado para ofrecer ventilaci\u00f3n invasiva o no invasiva a pacientes que requieran venitlaci\u00f3n mec\u00e1nica.\" \/>\n<meta name=\"robots\" content=\"index, follow, max-snippet:-1, max-image-preview:large, max-video-preview:-1\" \/>\n<link rel=\"canonical\" href=\"https:\/\/www.terapiacpap.com\/en\/producto\/vivo-3-breas\/\" \/>\n<meta property=\"og:locale\" content=\"en_US\" \/>\n<meta property=\"og:type\" content=\"article\" \/>\n<meta property=\"og:title\" content=\"Equipo BIPAP Breas Vivo 3 | TerapiaCPAP\" \/>\n<meta property=\"og:description\" content=\"Breas Vivo 3 es un equipo BIPAP preparado para ofrecer ventilaci\u00f3n invasiva o no invasiva a pacientes que requieran venitlaci\u00f3n mec\u00e1nica.\" \/>\n<meta property=\"og:url\" content=\"https:\/\/www.terapiacpap.com\/en\/producto\/vivo-3-breas\/\" \/>\n<meta property=\"og:site_name\" content=\"TerapiaCPAP\" \/>\n<meta property=\"article:publisher\" content=\"https:\/\/www.facebook.com\/terapiacpap\" \/>\n<meta property=\"article:modified_time\" content=\"2025-02-11T10:32:28+00:00\" \/>\n<meta property=\"og:image\" content=\"https:\/\/www.terapiacpap.com\/wp-content\/uploads\/2023\/12\/vivo3.jpg\" \/>\n\t<meta property=\"og:image:width\" content=\"484\" \/>\n\t<meta property=\"og:image:height\" content=\"438\" \/>\n\t<meta property=\"og:image:type\" content=\"image\/jpeg\" \/>\n<meta name=\"twitter:card\" content=\"summary_large_image\" \/>\n<meta name=\"twitter:site\" content=\"@terapia_cpap\" \/>\n<meta name=\"twitter:label1\" content=\"Est. reading time\" \/>\n\t<meta name=\"twitter:data1\" content=\"5 minutes\" \/>\n<!-- \/ Yoast SEO plugin. -->","yoast_head_json":{"title":"Equipo BIPAP Breas Vivo 3 | TerapiaCPAP","description":"Breas Vivo 3 es un equipo BIPAP preparado para ofrecer ventilaci\u00f3n invasiva o no invasiva a pacientes que requieran venitlaci\u00f3n mec\u00e1nica.","robots":{"index":"index","follow":"follow","max-snippet":"max-snippet:-1","max-image-preview":"max-image-preview:large","max-video-preview":"max-video-preview:-1"},"canonical":"https:\/\/www.terapiacpap.com\/en\/producto\/vivo-3-breas\/","og_locale":"en_US","og_type":"article","og_title":"Equipo BIPAP Breas Vivo 3 | TerapiaCPAP","og_description":"Breas Vivo 3 es un equipo BIPAP preparado para ofrecer ventilaci\u00f3n invasiva o no invasiva a pacientes que requieran venitlaci\u00f3n mec\u00e1nica.","og_url":"https:\/\/www.terapiacpap.com\/en\/producto\/vivo-3-breas\/","og_site_name":"TerapiaCPAP","article_publisher":"https:\/\/www.facebook.com\/terapiacpap","article_modified_time":"2025-02-11T10:32:28+00:00","og_image":[{"width":484,"height":438,"url":"https:\/\/www.terapiacpap.com\/wp-content\/uploads\/2023\/12\/vivo3.jpg","type":"image\/jpeg"}],"twitter_card":"summary_large_image","twitter_site":"@terapia_cpap","twitter_misc":{"Est. reading time":"5 minutes"},"schema":{"@context":"https:\/\/schema.org","@graph":[{"@type":["WebPage","ItemPage"],"@id":"https:\/\/www.terapiacpap.com\/en\/producto\/vivo-3-breas\/","url":"https:\/\/www.terapiacpap.com\/en\/producto\/vivo-3-breas\/","name":"Equipo BIPAP Breas Vivo 3 | TerapiaCPAP","isPartOf":{"@id":"https:\/\/www.terapiacpap.com\/#website"},"primaryImageOfPage":{"@id":"https:\/\/www.terapiacpap.com\/en\/producto\/vivo-3-breas\/#primaryimage"},"image":{"@id":"https:\/\/www.terapiacpap.com\/en\/producto\/vivo-3-breas\/#primaryimage"},"thumbnailUrl":"https:\/\/www.terapiacpap.com\/wp-content\/uploads\/2023\/12\/vivo3.jpg","datePublished":"2023-12-19T10:01:16+00:00","dateModified":"2025-02-11T10:32:28+00:00","description":"Breas Vivo 3 es un equipo BIPAP preparado para ofrecer ventilaci\u00f3n invasiva o no invasiva a pacientes que requieran venitlaci\u00f3n mec\u00e1nica.","breadcrumb":{"@id":"https:\/\/www.terapiacpap.com\/en\/producto\/vivo-3-breas\/#breadcrumb"},"inLanguage":"en-US","potentialAction":[{"@type":"ReadAction","target":["https:\/\/www.terapiacpap.com\/en\/producto\/vivo-3-breas\/"]}]},{"@type":"ImageObject","inLanguage":"en-US","@id":"https:\/\/www.terapiacpap.com\/en\/producto\/vivo-3-breas\/#primaryimage","url":"https:\/\/www.terapiacpap.com\/wp-content\/uploads\/2023\/12\/vivo3.jpg","contentUrl":"https:\/\/www.terapiacpap.com\/wp-content\/uploads\/2023\/12\/vivo3.jpg","width":484,"height":438},{"@type":"BreadcrumbList","@id":"https:\/\/www.terapiacpap.com\/en\/producto\/vivo-3-breas\/#breadcrumb","itemListElement":[{"@type":"ListItem","position":1,"name":"Home","item":"https:\/\/www.terapiacpap.com\/en\/"},{"@type":"ListItem","position":2,"name":"Shop","item":"https:\/\/www.terapiacpap.com\/the-shop\/"},{"@type":"ListItem","position":3,"name":"BIPAP VIVO 3"}]},{"@type":"WebSite","@id":"https:\/\/www.terapiacpap.com\/#website","url":"https:\/\/www.terapiacpap.com\/","name":"TerapiaCPAP","description":"TerapiaCPAP especialistas en tratamiento del sue\u00f1o y en apnea del sue\u00f1o","publisher":{"@id":"https:\/\/www.terapiacpap.com\/#organization"},"potentialAction":[{"@type":"SearchAction","target":{"@type":"EntryPoint","urlTemplate":"https:\/\/www.terapiacpap.com\/?s={search_term_string}"},"query-input":{"@type":"PropertyValueSpecification","valueRequired":true,"valueName":"search_term_string"}}],"inLanguage":"en-US"},{"@type":"Organization","@id":"https:\/\/www.terapiacpap.com\/#organization","name":"TerapiaCPAP","url":"https:\/\/www.terapiacpap.com\/","logo":{"@type":"ImageObject","inLanguage":"en-US","@id":"https:\/\/www.terapiacpap.com\/#\/schema\/logo\/image\/","url":"https:\/\/www.terapiacpap.com\/wp-content\/uploads\/2020\/11\/logo-terapia-especialistas-ok.png","contentUrl":"https:\/\/www.terapiacpap.com\/wp-content\/uploads\/2020\/11\/logo-terapia-especialistas-ok.png","width":828,"height":277,"caption":"TerapiaCPAP"},"image":{"@id":"https:\/\/www.terapiacpap.com\/#\/schema\/logo\/image\/"},"sameAs":["https:\/\/www.facebook.com\/terapiacpap","https:\/\/x.com\/terapia_cpap","https:\/\/www.instagram.com\/terapiacpap\/?hl=es"]}]}},"_links":{"self":[{"href":"https:\/\/www.terapiacpap.com\/en\/wp-json\/wp\/v2\/product\/76637","targetHints":{"allow":["GET"]}}],"collection":[{"href":"https:\/\/www.terapiacpap.com\/en\/wp-json\/wp\/v2\/product"}],"about":[{"href":"https:\/\/www.terapiacpap.com\/en\/wp-json\/wp\/v2\/types\/product"}],"replies":[{"embeddable":true,"href":"https:\/\/www.terapiacpap.com\/en\/wp-json\/wp\/v2\/comments?post=76637"}],"wp:featuredmedia":[{"embeddable":true,"href":"https:\/\/www.terapiacpap.com\/en\/wp-json\/wp\/v2\/media\/62607"}],"wp:attachment":[{"href":"https:\/\/www.terapiacpap.com\/en\/wp-json\/wp\/v2\/media?parent=76637"}],"wp:term":[{"taxonomy":"product_brand","embeddable":true,"href":"https:\/\/www.terapiacpap.com\/en\/wp-json\/wp\/v2\/product_brand?post=76637"},{"taxonomy":"product_cat","embeddable":true,"href":"https:\/\/www.terapiacpap.com\/en\/wp-json\/wp\/v2\/product_cat?post=76637"},{"taxonomy":"product_tag","embeddable":true,"href":"https:\/\/www.terapiacpap.com\/en\/wp-json\/wp\/v2\/product_tag?post=76637"}],"curies":[{"name":"wp","href":"https:\/\/api.w.org\/{rel}","templated":true}]}}