{"id":76639,"date":"2023-12-19T12:35:26","date_gmt":"2023-12-19T11:35:26","guid":{"rendered":"https:\/\/www.terapiacpap.com\/producto\/vivo-45-breas\/"},"modified":"2025-02-11T11:58:37","modified_gmt":"2025-02-11T10:58:37","slug":"vivo-45-breas","status":"publish","type":"product","link":"https:\/\/www.terapiacpap.com\/en\/producto\/vivo-45-breas\/","title":{"rendered":"VIVO 45 Domestic Ventilator with humidifier and heating circuit"},"content":{"rendered":"<p>Ventilator with excellent performance and clinical versatility makes it suitable for a wide range of respiratory conditions. Its size and ease of use maximises patient independence and mobility.<\/p>\n<p>Integrated humidifier and heated circuit<br \/>\nInternal battery life of 2.5h and 6.5h with external battery<br \/>\nReal-time wireless remote monitoring capability.<br \/>\nPressure modes with target volume and Auto-EPAP* algorithms.<br \/>\nVentilation mode with PCV nozzle<\/p>\n","protected":false},"excerpt":{"rendered":"<p>Small and easy to use. Vivo 45 adapts to a wide range of patients with specific clinical needs. With integrated polygraph monitoring: SpO2, FiO2, CO2 and respiratory effort bands. Very easy to learn and use.<\/p>\n<p>MEDICAL PRESCRIPTION REQUIRED<\/p>\n","protected":false},"featured_media":62625,"comment_status":"open","ping_status":"closed","template":"","meta":{"_acf_changed":false},"product_brand":[],"product_cat":[1288,1380],"product_tag":[],"class_list":{"0":"post-76639","1":"product","2":"type-product","3":"status-publish","4":"has-post-thumbnail","6":"product_cat-respiratory-care","7":"product_cat-ventilacion-en","9":"first","10":"instock","11":"taxable","12":"shipping-taxable","13":"purchasable","14":"product-type-simple"},"acf":[],"yoast_head":"<!-- This site is optimized with the Yoast SEO plugin v24.3 - https:\/\/yoast.com\/wordpress\/plugins\/seo\/ -->\n<title>Respirador domiciliario Breas Vivo 45 | TerapiaCPAP<\/title>\n<meta name=\"description\" content=\"Breas Vivo 45 es un ventilador domiciliario con humidificador y circuito calefactado, peque\u00f1o y f\u00e1cil de usar. Con prescripci\u00f3n m\u00e9dica, cons\u00faltanos!\" \/>\n<meta name=\"robots\" content=\"index, follow, max-snippet:-1, max-image-preview:large, max-video-preview:-1\" \/>\n<link rel=\"canonical\" href=\"https:\/\/www.terapiacpap.com\/en\/producto\/vivo-45-breas\/\" \/>\n<meta property=\"og:locale\" content=\"en_US\" \/>\n<meta property=\"og:type\" content=\"article\" \/>\n<meta property=\"og:title\" content=\"Respirador domiciliario Breas Vivo 45 | TerapiaCPAP\" \/>\n<meta property=\"og:description\" content=\"Breas Vivo 45 es un ventilador domiciliario con humidificador y circuito calefactado, peque\u00f1o y f\u00e1cil de usar. Con prescripci\u00f3n m\u00e9dica, cons\u00faltanos!\" \/>\n<meta property=\"og:url\" content=\"https:\/\/www.terapiacpap.com\/en\/producto\/vivo-45-breas\/\" \/>\n<meta property=\"og:site_name\" content=\"TerapiaCPAP\" \/>\n<meta property=\"article:publisher\" content=\"https:\/\/www.facebook.com\/terapiacpap\" \/>\n<meta property=\"article:modified_time\" content=\"2025-02-11T10:58:37+00:00\" \/>\n<meta property=\"og:image\" content=\"https:\/\/www.terapiacpap.com\/wp-content\/uploads\/2023\/12\/Vivo45.jpg\" \/>\n\t<meta property=\"og:image:width\" content=\"499\" \/>\n\t<meta property=\"og:image:height\" content=\"481\" \/>\n\t<meta property=\"og:image:type\" content=\"image\/jpeg\" \/>\n<meta name=\"twitter:card\" content=\"summary_large_image\" \/>\n<meta name=\"twitter:site\" content=\"@terapia_cpap\" \/>\n<meta name=\"twitter:label1\" content=\"Est. reading time\" \/>\n\t<meta name=\"twitter:data1\" content=\"1 minute\" \/>\n<!-- \/ Yoast SEO plugin. -->","yoast_head_json":{"title":"Respirador domiciliario Breas Vivo 45 | TerapiaCPAP","description":"Breas Vivo 45 es un ventilador domiciliario con humidificador y circuito calefactado, peque\u00f1o y f\u00e1cil de usar. Con prescripci\u00f3n m\u00e9dica, cons\u00faltanos!","robots":{"index":"index","follow":"follow","max-snippet":"max-snippet:-1","max-image-preview":"max-image-preview:large","max-video-preview":"max-video-preview:-1"},"canonical":"https:\/\/www.terapiacpap.com\/en\/producto\/vivo-45-breas\/","og_locale":"en_US","og_type":"article","og_title":"Respirador domiciliario Breas Vivo 45 | TerapiaCPAP","og_description":"Breas Vivo 45 es un ventilador domiciliario con humidificador y circuito calefactado, peque\u00f1o y f\u00e1cil de usar. Con prescripci\u00f3n m\u00e9dica, cons\u00faltanos!","og_url":"https:\/\/www.terapiacpap.com\/en\/producto\/vivo-45-breas\/","og_site_name":"TerapiaCPAP","article_publisher":"https:\/\/www.facebook.com\/terapiacpap","article_modified_time":"2025-02-11T10:58:37+00:00","og_image":[{"width":499,"height":481,"url":"https:\/\/www.terapiacpap.com\/wp-content\/uploads\/2023\/12\/Vivo45.jpg","type":"image\/jpeg"}],"twitter_card":"summary_large_image","twitter_site":"@terapia_cpap","twitter_misc":{"Est. reading time":"1 minute"},"schema":{"@context":"https:\/\/schema.org","@graph":[{"@type":["WebPage","ItemPage"],"@id":"https:\/\/www.terapiacpap.com\/en\/producto\/vivo-45-breas\/","url":"https:\/\/www.terapiacpap.com\/en\/producto\/vivo-45-breas\/","name":"Respirador domiciliario Breas Vivo 45 | TerapiaCPAP","isPartOf":{"@id":"https:\/\/www.terapiacpap.com\/#website"},"primaryImageOfPage":{"@id":"https:\/\/www.terapiacpap.com\/en\/producto\/vivo-45-breas\/#primaryimage"},"image":{"@id":"https:\/\/www.terapiacpap.com\/en\/producto\/vivo-45-breas\/#primaryimage"},"thumbnailUrl":"https:\/\/www.terapiacpap.com\/wp-content\/uploads\/2023\/12\/Vivo45.jpg","datePublished":"2023-12-19T11:35:26+00:00","dateModified":"2025-02-11T10:58:37+00:00","description":"Breas Vivo 45 es un ventilador domiciliario con humidificador y circuito calefactado, peque\u00f1o y f\u00e1cil de usar. Con prescripci\u00f3n m\u00e9dica, cons\u00faltanos!","breadcrumb":{"@id":"https:\/\/www.terapiacpap.com\/en\/producto\/vivo-45-breas\/#breadcrumb"},"inLanguage":"en-US","potentialAction":[{"@type":"ReadAction","target":["https:\/\/www.terapiacpap.com\/en\/producto\/vivo-45-breas\/"]}]},{"@type":"ImageObject","inLanguage":"en-US","@id":"https:\/\/www.terapiacpap.com\/en\/producto\/vivo-45-breas\/#primaryimage","url":"https:\/\/www.terapiacpap.com\/wp-content\/uploads\/2023\/12\/Vivo45.jpg","contentUrl":"https:\/\/www.terapiacpap.com\/wp-content\/uploads\/2023\/12\/Vivo45.jpg","width":499,"height":481},{"@type":"BreadcrumbList","@id":"https:\/\/www.terapiacpap.com\/en\/producto\/vivo-45-breas\/#breadcrumb","itemListElement":[{"@type":"ListItem","position":1,"name":"Home","item":"https:\/\/www.terapiacpap.com\/en\/"},{"@type":"ListItem","position":2,"name":"Shop","item":"https:\/\/www.terapiacpap.com\/the-shop\/"},{"@type":"ListItem","position":3,"name":"VIVO 45 Domestic Ventilator with humidifier and heating circuit"}]},{"@type":"WebSite","@id":"https:\/\/www.terapiacpap.com\/#website","url":"https:\/\/www.terapiacpap.com\/","name":"TerapiaCPAP","description":"TerapiaCPAP especialistas en tratamiento del sue\u00f1o y en apnea del sue\u00f1o","publisher":{"@id":"https:\/\/www.terapiacpap.com\/#organization"},"potentialAction":[{"@type":"SearchAction","target":{"@type":"EntryPoint","urlTemplate":"https:\/\/www.terapiacpap.com\/?s={search_term_string}"},"query-input":{"@type":"PropertyValueSpecification","valueRequired":true,"valueName":"search_term_string"}}],"inLanguage":"en-US"},{"@type":"Organization","@id":"https:\/\/www.terapiacpap.com\/#organization","name":"TerapiaCPAP","url":"https:\/\/www.terapiacpap.com\/","logo":{"@type":"ImageObject","inLanguage":"en-US","@id":"https:\/\/www.terapiacpap.com\/#\/schema\/logo\/image\/","url":"https:\/\/www.terapiacpap.com\/wp-content\/uploads\/2020\/11\/logo-terapia-especialistas-ok.png","contentUrl":"https:\/\/www.terapiacpap.com\/wp-content\/uploads\/2020\/11\/logo-terapia-especialistas-ok.png","width":828,"height":277,"caption":"TerapiaCPAP"},"image":{"@id":"https:\/\/www.terapiacpap.com\/#\/schema\/logo\/image\/"},"sameAs":["https:\/\/www.facebook.com\/terapiacpap","https:\/\/x.com\/terapia_cpap","https:\/\/www.instagram.com\/terapiacpap\/?hl=es"]}]}},"_links":{"self":[{"href":"https:\/\/www.terapiacpap.com\/en\/wp-json\/wp\/v2\/product\/76639","targetHints":{"allow":["GET"]}}],"collection":[{"href":"https:\/\/www.terapiacpap.com\/en\/wp-json\/wp\/v2\/product"}],"about":[{"href":"https:\/\/www.terapiacpap.com\/en\/wp-json\/wp\/v2\/types\/product"}],"replies":[{"embeddable":true,"href":"https:\/\/www.terapiacpap.com\/en\/wp-json\/wp\/v2\/comments?post=76639"}],"wp:featuredmedia":[{"embeddable":true,"href":"https:\/\/www.terapiacpap.com\/en\/wp-json\/wp\/v2\/media\/62625"}],"wp:attachment":[{"href":"https:\/\/www.terapiacpap.com\/en\/wp-json\/wp\/v2\/media?parent=76639"}],"wp:term":[{"taxonomy":"product_brand","embeddable":true,"href":"https:\/\/www.terapiacpap.com\/en\/wp-json\/wp\/v2\/product_brand?post=76639"},{"taxonomy":"product_cat","embeddable":true,"href":"https:\/\/www.terapiacpap.com\/en\/wp-json\/wp\/v2\/product_cat?post=76639"},{"taxonomy":"product_tag","embeddable":true,"href":"https:\/\/www.terapiacpap.com\/en\/wp-json\/wp\/v2\/product_tag?post=76639"}],"curies":[{"name":"wp","href":"https:\/\/api.w.org\/{rel}","templated":true}]}}