{"id":76656,"date":"2024-01-24T13:35:09","date_gmt":"2024-01-24T12:35:09","guid":{"rendered":"https:\/\/www.terapiacpap.com\/producto\/espirometro-incentivo\/"},"modified":"2025-02-11T12:29:54","modified_gmt":"2025-02-11T11:29:54","slug":"espirometro-incentivo","status":"publish","type":"product","link":"https:\/\/www.terapiacpap.com\/en\/producto\/espirometro-incentivo\/","title":{"rendered":"Volumetric Breathing Incentivator"},"content":{"rendered":"<p>The one-way valve facilitates incentive spirometry for both patients and clinicians. The one-way valve ensures that patients inhale rather than exhale into the unit. Highly visible pistons and universal graphics (indicating correct inspiratory flow) help patients perform and monitor their own post-surgical breathing exercises without direct supervision. Other features include an O2 connection for supplemental oxygen, a convenient handle, flexible tubing and a bed rail bracket.<\/p>\n","protected":false},"excerpt":{"rendered":"<p>Incentive spirometer 4000 ml or 2000 ml.<\/p>\n<p>For single use for adult or paediatric patients.<\/p>\n","protected":false},"featured_media":63297,"comment_status":"open","ping_status":"closed","template":"","meta":{"_acf_changed":false},"product_brand":[],"product_cat":[1288,1349],"product_tag":[],"class_list":{"0":"post-76656","1":"product","2":"type-product","3":"status-publish","4":"has-post-thumbnail","6":"product_cat-respiratory-care","7":"product_cat-professionals","9":"first","10":"instock","11":"taxable","12":"shipping-taxable","13":"purchasable","14":"product-type-variable"},"acf":[],"yoast_head":"<!-- This site is optimized with the Yoast SEO plugin v24.3 - https:\/\/yoast.com\/wordpress\/plugins\/seo\/ -->\n<title>Volumetric Breathing Incentivator | TerapiaCPAP<\/title>\n<meta name=\"description\" content=\"Espir\u00f3metro incentivo para adultos y ni\u00f1os, con v\u00e1lvula unidireccional, pistones visibles y gr\u00e1ficos para controlar los ejercicios respiratorios.\" \/>\n<meta name=\"robots\" content=\"index, follow, max-snippet:-1, max-image-preview:large, max-video-preview:-1\" \/>\n<link rel=\"canonical\" href=\"https:\/\/www.terapiacpap.com\/en\/producto\/espirometro-incentivo\/\" \/>\n<meta property=\"og:locale\" content=\"en_US\" \/>\n<meta property=\"og:type\" content=\"article\" \/>\n<meta property=\"og:title\" content=\"Volumetric Breathing Incentivator | TerapiaCPAP\" \/>\n<meta property=\"og:description\" content=\"Espir\u00f3metro incentivo para adultos y ni\u00f1os, con v\u00e1lvula unidireccional, pistones visibles y gr\u00e1ficos para controlar los ejercicios respiratorios.\" \/>\n<meta property=\"og:url\" content=\"https:\/\/www.terapiacpap.com\/en\/producto\/espirometro-incentivo\/\" \/>\n<meta property=\"og:site_name\" content=\"TerapiaCPAP\" \/>\n<meta property=\"article:publisher\" content=\"https:\/\/www.facebook.com\/terapiacpap\" \/>\n<meta property=\"article:modified_time\" content=\"2025-02-11T11:29:54+00:00\" \/>\n<meta property=\"og:image\" content=\"https:\/\/www.terapiacpap.com\/wp-content\/uploads\/2024\/01\/incentivador-respiratorio-volumetrico-coach-2-4000-ml.jpg\" \/>\n\t<meta property=\"og:image:width\" content=\"470\" \/>\n\t<meta property=\"og:image:height\" content=\"470\" \/>\n\t<meta property=\"og:image:type\" content=\"image\/jpeg\" \/>\n<meta name=\"twitter:card\" content=\"summary_large_image\" \/>\n<meta name=\"twitter:site\" content=\"@terapia_cpap\" \/>\n<meta name=\"twitter:label1\" content=\"Est. reading time\" \/>\n\t<meta name=\"twitter:data1\" content=\"1 minute\" \/>\n<!-- \/ Yoast SEO plugin. -->","yoast_head_json":{"title":"Volumetric Breathing Incentivator | TerapiaCPAP","description":"Espir\u00f3metro incentivo para adultos y ni\u00f1os, con v\u00e1lvula unidireccional, pistones visibles y gr\u00e1ficos para controlar los ejercicios respiratorios.","robots":{"index":"index","follow":"follow","max-snippet":"max-snippet:-1","max-image-preview":"max-image-preview:large","max-video-preview":"max-video-preview:-1"},"canonical":"https:\/\/www.terapiacpap.com\/en\/producto\/espirometro-incentivo\/","og_locale":"en_US","og_type":"article","og_title":"Volumetric Breathing Incentivator | TerapiaCPAP","og_description":"Espir\u00f3metro incentivo para adultos y ni\u00f1os, con v\u00e1lvula unidireccional, pistones visibles y gr\u00e1ficos para controlar los ejercicios respiratorios.","og_url":"https:\/\/www.terapiacpap.com\/en\/producto\/espirometro-incentivo\/","og_site_name":"TerapiaCPAP","article_publisher":"https:\/\/www.facebook.com\/terapiacpap","article_modified_time":"2025-02-11T11:29:54+00:00","og_image":[{"width":470,"height":470,"url":"https:\/\/www.terapiacpap.com\/wp-content\/uploads\/2024\/01\/incentivador-respiratorio-volumetrico-coach-2-4000-ml.jpg","type":"image\/jpeg"}],"twitter_card":"summary_large_image","twitter_site":"@terapia_cpap","twitter_misc":{"Est. reading time":"1 minute"},"schema":{"@context":"https:\/\/schema.org","@graph":[{"@type":["WebPage","ItemPage"],"@id":"https:\/\/www.terapiacpap.com\/en\/producto\/espirometro-incentivo\/","url":"https:\/\/www.terapiacpap.com\/en\/producto\/espirometro-incentivo\/","name":"Volumetric Breathing Incentivator | TerapiaCPAP","isPartOf":{"@id":"https:\/\/www.terapiacpap.com\/#website"},"primaryImageOfPage":{"@id":"https:\/\/www.terapiacpap.com\/en\/producto\/espirometro-incentivo\/#primaryimage"},"image":{"@id":"https:\/\/www.terapiacpap.com\/en\/producto\/espirometro-incentivo\/#primaryimage"},"thumbnailUrl":"https:\/\/www.terapiacpap.com\/wp-content\/uploads\/2024\/01\/incentivador-respiratorio-volumetrico-coach-2-4000-ml.jpg","datePublished":"2024-01-24T12:35:09+00:00","dateModified":"2025-02-11T11:29:54+00:00","description":"Espir\u00f3metro incentivo para adultos y ni\u00f1os, con v\u00e1lvula unidireccional, pistones visibles y gr\u00e1ficos para controlar los ejercicios respiratorios.","breadcrumb":{"@id":"https:\/\/www.terapiacpap.com\/en\/producto\/espirometro-incentivo\/#breadcrumb"},"inLanguage":"en-US","potentialAction":[{"@type":"ReadAction","target":["https:\/\/www.terapiacpap.com\/en\/producto\/espirometro-incentivo\/"]}]},{"@type":"ImageObject","inLanguage":"en-US","@id":"https:\/\/www.terapiacpap.com\/en\/producto\/espirometro-incentivo\/#primaryimage","url":"https:\/\/www.terapiacpap.com\/wp-content\/uploads\/2024\/01\/incentivador-respiratorio-volumetrico-coach-2-4000-ml.jpg","contentUrl":"https:\/\/www.terapiacpap.com\/wp-content\/uploads\/2024\/01\/incentivador-respiratorio-volumetrico-coach-2-4000-ml.jpg","width":470,"height":470},{"@type":"BreadcrumbList","@id":"https:\/\/www.terapiacpap.com\/en\/producto\/espirometro-incentivo\/#breadcrumb","itemListElement":[{"@type":"ListItem","position":1,"name":"Home","item":"https:\/\/www.terapiacpap.com\/en\/"},{"@type":"ListItem","position":2,"name":"Shop","item":"https:\/\/www.terapiacpap.com\/the-shop\/"},{"@type":"ListItem","position":3,"name":"Volumetric Breathing Incentivator"}]},{"@type":"WebSite","@id":"https:\/\/www.terapiacpap.com\/#website","url":"https:\/\/www.terapiacpap.com\/","name":"TerapiaCPAP","description":"TerapiaCPAP especialistas en tratamiento del sue\u00f1o y en apnea del sue\u00f1o","publisher":{"@id":"https:\/\/www.terapiacpap.com\/#organization"},"potentialAction":[{"@type":"SearchAction","target":{"@type":"EntryPoint","urlTemplate":"https:\/\/www.terapiacpap.com\/?s={search_term_string}"},"query-input":{"@type":"PropertyValueSpecification","valueRequired":true,"valueName":"search_term_string"}}],"inLanguage":"en-US"},{"@type":"Organization","@id":"https:\/\/www.terapiacpap.com\/#organization","name":"TerapiaCPAP","url":"https:\/\/www.terapiacpap.com\/","logo":{"@type":"ImageObject","inLanguage":"en-US","@id":"https:\/\/www.terapiacpap.com\/#\/schema\/logo\/image\/","url":"https:\/\/www.terapiacpap.com\/wp-content\/uploads\/2020\/11\/logo-terapia-especialistas-ok.png","contentUrl":"https:\/\/www.terapiacpap.com\/wp-content\/uploads\/2020\/11\/logo-terapia-especialistas-ok.png","width":828,"height":277,"caption":"TerapiaCPAP"},"image":{"@id":"https:\/\/www.terapiacpap.com\/#\/schema\/logo\/image\/"},"sameAs":["https:\/\/www.facebook.com\/terapiacpap","https:\/\/x.com\/terapia_cpap","https:\/\/www.instagram.com\/terapiacpap\/?hl=es"]}]}},"_links":{"self":[{"href":"https:\/\/www.terapiacpap.com\/en\/wp-json\/wp\/v2\/product\/76656","targetHints":{"allow":["GET"]}}],"collection":[{"href":"https:\/\/www.terapiacpap.com\/en\/wp-json\/wp\/v2\/product"}],"about":[{"href":"https:\/\/www.terapiacpap.com\/en\/wp-json\/wp\/v2\/types\/product"}],"replies":[{"embeddable":true,"href":"https:\/\/www.terapiacpap.com\/en\/wp-json\/wp\/v2\/comments?post=76656"}],"wp:featuredmedia":[{"embeddable":true,"href":"https:\/\/www.terapiacpap.com\/en\/wp-json\/wp\/v2\/media\/63297"}],"wp:attachment":[{"href":"https:\/\/www.terapiacpap.com\/en\/wp-json\/wp\/v2\/media?parent=76656"}],"wp:term":[{"taxonomy":"product_brand","embeddable":true,"href":"https:\/\/www.terapiacpap.com\/en\/wp-json\/wp\/v2\/product_brand?post=76656"},{"taxonomy":"product_cat","embeddable":true,"href":"https:\/\/www.terapiacpap.com\/en\/wp-json\/wp\/v2\/product_cat?post=76656"},{"taxonomy":"product_tag","embeddable":true,"href":"https:\/\/www.terapiacpap.com\/en\/wp-json\/wp\/v2\/product_tag?post=76656"}],"curies":[{"name":"wp","href":"https:\/\/api.w.org\/{rel}","templated":true}]}}