{"id":76683,"date":"2024-07-04T10:36:14","date_gmt":"2024-07-04T08:36:14","guid":{"rendered":"https:\/\/www.terapiacpap.com\/producto\/f30-airmini-setup-pack\/"},"modified":"2025-02-11T15:29:25","modified_gmt":"2025-02-11T14:29:25","slug":"f30-airmini-setup-pack","status":"publish","type":"product","link":"https:\/\/www.terapiacpap.com\/en\/producto\/f30-airmini-setup-pack\/","title":{"rendered":"F30 Airmini setup pack"},"content":{"rendered":"","protected":false},"excerpt":{"rendered":"<p>AirMini F30 Configuration Kit: This configuration kit has a pre-assembled F30 connector that allows you to connect your existing AirFit F30 to the AirMini device. It includes the built-in valve featuring our ActiveAir TM technology and an AirMini hose.<\/p>\n","protected":false},"featured_media":66834,"comment_status":"open","ping_status":"closed","template":"","meta":{"_acf_changed":false},"product_brand":[],"product_cat":[1146,1165],"product_tag":[1166,1203,1127],"class_list":{"0":"post-76683","1":"product","2":"type-product","3":"status-publish","4":"has-post-thumbnail","6":"product_cat-accessories","7":"product_cat-trip","8":"product_tag-airmini-en","9":"product_tag-f20-en","10":"product_tag-resmed-en","12":"first","13":"instock","14":"taxable","15":"shipping-taxable","16":"purchasable","17":"product-type-simple"},"acf":[],"yoast_head":"<!-- This site is optimized with the Yoast SEO plugin v24.3 - https:\/\/yoast.com\/wordpress\/plugins\/seo\/ -->\n<title>F30 Airmini setup pack | TerapiaCPAP<\/title>\n<meta name=\"description\" content=\"Kit de configuraci\u00f3n AirMini F30: permite conectar su AirFit F30 existente al dispositivo AirMini, con v\u00e1vula y tubo flexible. Con\u00f3celo!\" \/>\n<meta name=\"robots\" content=\"index, follow, max-snippet:-1, max-image-preview:large, max-video-preview:-1\" \/>\n<link rel=\"canonical\" href=\"https:\/\/www.terapiacpap.com\/en\/producto\/f30-airmini-setup-pack\/\" \/>\n<meta property=\"og:locale\" content=\"en_US\" \/>\n<meta property=\"og:type\" content=\"article\" \/>\n<meta property=\"og:title\" content=\"F30 Airmini setup pack | TerapiaCPAP\" \/>\n<meta property=\"og:description\" content=\"Kit de configuraci\u00f3n AirMini F30: permite conectar su AirFit F30 existente al dispositivo AirMini, con v\u00e1vula y tubo flexible. Con\u00f3celo!\" \/>\n<meta property=\"og:url\" content=\"https:\/\/www.terapiacpap.com\/en\/producto\/f30-airmini-setup-pack\/\" \/>\n<meta property=\"og:site_name\" content=\"TerapiaCPAP\" \/>\n<meta property=\"article:publisher\" content=\"https:\/\/www.facebook.com\/terapiacpap\" \/>\n<meta property=\"article:modified_time\" content=\"2025-02-11T14:29:25+00:00\" \/>\n<meta property=\"og:image\" content=\"https:\/\/www.terapiacpap.com\/wp-content\/uploads\/2024\/07\/AirminiF3011111_1080x1080-e1720082145763.webp\" \/>\n\t<meta property=\"og:image:width\" content=\"1080\" \/>\n\t<meta property=\"og:image:height\" content=\"1080\" \/>\n\t<meta property=\"og:image:type\" content=\"image\/webp\" \/>\n<meta name=\"twitter:card\" content=\"summary_large_image\" \/>\n<meta name=\"twitter:site\" content=\"@terapia_cpap\" \/>\n<meta name=\"twitter:label1\" content=\"Est. reading time\" \/>\n\t<meta name=\"twitter:data1\" content=\"1 minute\" \/>\n<!-- \/ Yoast SEO plugin. -->","yoast_head_json":{"title":"F30 Airmini setup pack | TerapiaCPAP","description":"Kit de configuraci\u00f3n AirMini F30: permite conectar su AirFit F30 existente al dispositivo AirMini, con v\u00e1vula y tubo flexible. Con\u00f3celo!","robots":{"index":"index","follow":"follow","max-snippet":"max-snippet:-1","max-image-preview":"max-image-preview:large","max-video-preview":"max-video-preview:-1"},"canonical":"https:\/\/www.terapiacpap.com\/en\/producto\/f30-airmini-setup-pack\/","og_locale":"en_US","og_type":"article","og_title":"F30 Airmini setup pack | TerapiaCPAP","og_description":"Kit de configuraci\u00f3n AirMini F30: permite conectar su AirFit F30 existente al dispositivo AirMini, con v\u00e1vula y tubo flexible. Con\u00f3celo!","og_url":"https:\/\/www.terapiacpap.com\/en\/producto\/f30-airmini-setup-pack\/","og_site_name":"TerapiaCPAP","article_publisher":"https:\/\/www.facebook.com\/terapiacpap","article_modified_time":"2025-02-11T14:29:25+00:00","og_image":[{"width":1080,"height":1080,"url":"https:\/\/www.terapiacpap.com\/wp-content\/uploads\/2024\/07\/AirminiF3011111_1080x1080-e1720082145763.webp","type":"image\/webp"}],"twitter_card":"summary_large_image","twitter_site":"@terapia_cpap","twitter_misc":{"Est. reading time":"1 minute"},"schema":{"@context":"https:\/\/schema.org","@graph":[{"@type":["WebPage","ItemPage"],"@id":"https:\/\/www.terapiacpap.com\/en\/producto\/f30-airmini-setup-pack\/","url":"https:\/\/www.terapiacpap.com\/en\/producto\/f30-airmini-setup-pack\/","name":"F30 Airmini setup pack | TerapiaCPAP","isPartOf":{"@id":"https:\/\/www.terapiacpap.com\/#website"},"primaryImageOfPage":{"@id":"https:\/\/www.terapiacpap.com\/en\/producto\/f30-airmini-setup-pack\/#primaryimage"},"image":{"@id":"https:\/\/www.terapiacpap.com\/en\/producto\/f30-airmini-setup-pack\/#primaryimage"},"thumbnailUrl":"https:\/\/www.terapiacpap.com\/wp-content\/uploads\/2024\/07\/AirminiF3011111_1080x1080-e1720082145763.webp","datePublished":"2024-07-04T08:36:14+00:00","dateModified":"2025-02-11T14:29:25+00:00","description":"Kit de configuraci\u00f3n AirMini F30: permite conectar su AirFit F30 existente al dispositivo AirMini, con v\u00e1vula y tubo flexible. Con\u00f3celo!","breadcrumb":{"@id":"https:\/\/www.terapiacpap.com\/en\/producto\/f30-airmini-setup-pack\/#breadcrumb"},"inLanguage":"en-US","potentialAction":[{"@type":"ReadAction","target":["https:\/\/www.terapiacpap.com\/en\/producto\/f30-airmini-setup-pack\/"]}]},{"@type":"ImageObject","inLanguage":"en-US","@id":"https:\/\/www.terapiacpap.com\/en\/producto\/f30-airmini-setup-pack\/#primaryimage","url":"https:\/\/www.terapiacpap.com\/wp-content\/uploads\/2024\/07\/AirminiF3011111_1080x1080-e1720082145763.webp","contentUrl":"https:\/\/www.terapiacpap.com\/wp-content\/uploads\/2024\/07\/AirminiF3011111_1080x1080-e1720082145763.webp","width":1080,"height":1080},{"@type":"BreadcrumbList","@id":"https:\/\/www.terapiacpap.com\/en\/producto\/f30-airmini-setup-pack\/#breadcrumb","itemListElement":[{"@type":"ListItem","position":1,"name":"Home","item":"https:\/\/www.terapiacpap.com\/en\/"},{"@type":"ListItem","position":2,"name":"Shop","item":"https:\/\/www.terapiacpap.com\/the-shop\/"},{"@type":"ListItem","position":3,"name":"F30 Airmini setup pack"}]},{"@type":"WebSite","@id":"https:\/\/www.terapiacpap.com\/#website","url":"https:\/\/www.terapiacpap.com\/","name":"TerapiaCPAP","description":"TerapiaCPAP especialistas en tratamiento del sue\u00f1o y en apnea del sue\u00f1o","publisher":{"@id":"https:\/\/www.terapiacpap.com\/#organization"},"potentialAction":[{"@type":"SearchAction","target":{"@type":"EntryPoint","urlTemplate":"https:\/\/www.terapiacpap.com\/?s={search_term_string}"},"query-input":{"@type":"PropertyValueSpecification","valueRequired":true,"valueName":"search_term_string"}}],"inLanguage":"en-US"},{"@type":"Organization","@id":"https:\/\/www.terapiacpap.com\/#organization","name":"TerapiaCPAP","url":"https:\/\/www.terapiacpap.com\/","logo":{"@type":"ImageObject","inLanguage":"en-US","@id":"https:\/\/www.terapiacpap.com\/#\/schema\/logo\/image\/","url":"https:\/\/www.terapiacpap.com\/wp-content\/uploads\/2020\/11\/logo-terapia-especialistas-ok.png","contentUrl":"https:\/\/www.terapiacpap.com\/wp-content\/uploads\/2020\/11\/logo-terapia-especialistas-ok.png","width":828,"height":277,"caption":"TerapiaCPAP"},"image":{"@id":"https:\/\/www.terapiacpap.com\/#\/schema\/logo\/image\/"},"sameAs":["https:\/\/www.facebook.com\/terapiacpap","https:\/\/x.com\/terapia_cpap","https:\/\/www.instagram.com\/terapiacpap\/?hl=es"]}]}},"_links":{"self":[{"href":"https:\/\/www.terapiacpap.com\/en\/wp-json\/wp\/v2\/product\/76683","targetHints":{"allow":["GET"]}}],"collection":[{"href":"https:\/\/www.terapiacpap.com\/en\/wp-json\/wp\/v2\/product"}],"about":[{"href":"https:\/\/www.terapiacpap.com\/en\/wp-json\/wp\/v2\/types\/product"}],"replies":[{"embeddable":true,"href":"https:\/\/www.terapiacpap.com\/en\/wp-json\/wp\/v2\/comments?post=76683"}],"wp:featuredmedia":[{"embeddable":true,"href":"https:\/\/www.terapiacpap.com\/en\/wp-json\/wp\/v2\/media\/66834"}],"wp:attachment":[{"href":"https:\/\/www.terapiacpap.com\/en\/wp-json\/wp\/v2\/media?parent=76683"}],"wp:term":[{"taxonomy":"product_brand","embeddable":true,"href":"https:\/\/www.terapiacpap.com\/en\/wp-json\/wp\/v2\/product_brand?post=76683"},{"taxonomy":"product_cat","embeddable":true,"href":"https:\/\/www.terapiacpap.com\/en\/wp-json\/wp\/v2\/product_cat?post=76683"},{"taxonomy":"product_tag","embeddable":true,"href":"https:\/\/www.terapiacpap.com\/en\/wp-json\/wp\/v2\/product_tag?post=76683"}],"curies":[{"name":"wp","href":"https:\/\/api.w.org\/{rel}","templated":true}]}}