{"id":76721,"date":"2025-02-05T14:59:01","date_gmt":"2025-02-05T13:59:01","guid":{"rendered":"https:\/\/www.terapiacpap.com\/producto\/concentrador-de-oxigeno-estacionario-8f-5a\/"},"modified":"2025-02-13T15:25:37","modified_gmt":"2025-02-13T14:25:37","slug":"concentrador-de-oxigeno-estacionario-8f-5a","status":"publish","type":"product","link":"https:\/\/www.terapiacpap.com\/en\/producto\/concentrador-de-oxigeno-estacionario-8f-5a\/","title":{"rendered":"Stationary oxygen concentrator 5L"},"content":{"rendered":"<p>The 8F-5A is a stationary continuous flow oxygen concentrator with a sleek, ergonomic design for ease of transport and movement. Suitable for use in the home, hospital, clinic and\/or residence.<\/p>\n<p>Very quiet and energy efficient, it is designed for continuous operation providing up to 5 litres of oxygen per minute. The oxygen concentrator works by separating oxygen from the air and providing a high concentration of oxygen through the nasal cannula.<\/p>\n<p>This oxygen concentrator is manufactured to the highest quality standards, designed to be simple and convenient to use and maintain. It features elements made for intensive use: shock-protected flowmeter, metal oxygen outlet, extra nebulizer outlet, easy-to-replace filter, few moving parts.<\/p>\n<p>Flow range: 0.5-5 l\/min<br \/>\nOxygen concentration: 95.5% -87%.<br \/>\nMaximum limited pressure: 70 kPa<br \/>\nSound level: 48 dB(A)<br \/>\nPower input: 350W<br \/>\nMinimum operating time: 30 minutes<br \/>\nWeight: 15 kg<br \/>\nDimensions: 50 x 39 x 24 cm<br \/>\nCE Certified Medical Device Class II A.<\/p>\n<p>Automatic shutdown system to protect the equipment in situations of abnormal behaviour: too high pressure, high compressor temperature, overload of electrical current, loss of connection, compressor error.<\/p>\n","protected":false},"excerpt":{"rendered":"<p>The 8F-5A is a highly efficient, quiet and robust stationary oxygen concentrator. Easy to use, it features an LCD display and infrared control, for simple and intuitive use. For patients at home, hospital, clinic or residence; designed to provide high purity oxygen to patients with respiratory pathologies, without interruptions or problems.<\/p>\n","protected":false},"featured_media":76527,"comment_status":"open","ping_status":"closed","template":"","meta":{"_acf_changed":false},"product_brand":[],"product_cat":[1180,1250],"product_tag":[],"class_list":{"0":"post-76721","1":"product","2":"type-product","3":"status-publish","4":"has-post-thumbnail","6":"product_cat-oxygen-concentrators","7":"product_cat-stationary","9":"first","10":"instock","11":"taxable","12":"shipping-taxable","13":"purchasable","14":"product-type-simple"},"acf":[],"yoast_head":"<!-- This site is optimized with the Yoast SEO plugin v24.3 - https:\/\/yoast.com\/wordpress\/plugins\/seo\/ -->\n<title>Stationary oxygen concentrator 5L | TerapiaCPAP<\/title>\n<meta name=\"description\" content=\"Concentrador de ox\u00edgeno estacionario, silencioso y eficiente, proporciona una alta concentraci\u00f3n de ox\u00edgeno a personas con problemas respiratorios.\" \/>\n<meta name=\"robots\" content=\"index, follow, max-snippet:-1, max-image-preview:large, max-video-preview:-1\" \/>\n<link rel=\"canonical\" href=\"https:\/\/www.terapiacpap.com\/en\/producto\/concentrador-de-oxigeno-estacionario-8f-5a\/\" \/>\n<meta property=\"og:locale\" content=\"en_US\" \/>\n<meta property=\"og:type\" content=\"article\" \/>\n<meta property=\"og:title\" content=\"Stationary oxygen concentrator 5L | TerapiaCPAP\" \/>\n<meta property=\"og:description\" content=\"Concentrador de ox\u00edgeno estacionario, silencioso y eficiente, proporciona una alta concentraci\u00f3n de ox\u00edgeno a personas con problemas respiratorios.\" \/>\n<meta property=\"og:url\" content=\"https:\/\/www.terapiacpap.com\/en\/producto\/concentrador-de-oxigeno-estacionario-8f-5a\/\" \/>\n<meta property=\"og:site_name\" content=\"TerapiaCPAP\" \/>\n<meta property=\"article:publisher\" content=\"https:\/\/www.facebook.com\/terapiacpap\" \/>\n<meta property=\"article:modified_time\" content=\"2025-02-13T14:25:37+00:00\" \/>\n<meta property=\"og:image\" content=\"https:\/\/www.terapiacpap.com\/wp-content\/uploads\/2025\/02\/8F-5A.jpg\" \/>\n\t<meta property=\"og:image:width\" content=\"1837\" \/>\n\t<meta property=\"og:image:height\" content=\"2161\" \/>\n\t<meta property=\"og:image:type\" content=\"image\/jpeg\" \/>\n<meta name=\"twitter:card\" content=\"summary_large_image\" \/>\n<meta name=\"twitter:site\" content=\"@terapia_cpap\" \/>\n<meta name=\"twitter:label1\" content=\"Est. reading time\" \/>\n\t<meta name=\"twitter:data1\" content=\"2 minutes\" \/>\n<!-- \/ Yoast SEO plugin. -->","yoast_head_json":{"title":"Stationary oxygen concentrator 5L | TerapiaCPAP","description":"Concentrador de ox\u00edgeno estacionario, silencioso y eficiente, proporciona una alta concentraci\u00f3n de ox\u00edgeno a personas con problemas respiratorios.","robots":{"index":"index","follow":"follow","max-snippet":"max-snippet:-1","max-image-preview":"max-image-preview:large","max-video-preview":"max-video-preview:-1"},"canonical":"https:\/\/www.terapiacpap.com\/en\/producto\/concentrador-de-oxigeno-estacionario-8f-5a\/","og_locale":"en_US","og_type":"article","og_title":"Stationary oxygen concentrator 5L | TerapiaCPAP","og_description":"Concentrador de ox\u00edgeno estacionario, silencioso y eficiente, proporciona una alta concentraci\u00f3n de ox\u00edgeno a personas con problemas respiratorios.","og_url":"https:\/\/www.terapiacpap.com\/en\/producto\/concentrador-de-oxigeno-estacionario-8f-5a\/","og_site_name":"TerapiaCPAP","article_publisher":"https:\/\/www.facebook.com\/terapiacpap","article_modified_time":"2025-02-13T14:25:37+00:00","og_image":[{"width":1837,"height":2161,"url":"https:\/\/www.terapiacpap.com\/wp-content\/uploads\/2025\/02\/8F-5A.jpg","type":"image\/jpeg"}],"twitter_card":"summary_large_image","twitter_site":"@terapia_cpap","twitter_misc":{"Est. reading time":"2 minutes"},"schema":{"@context":"https:\/\/schema.org","@graph":[{"@type":["WebPage","ItemPage"],"@id":"https:\/\/www.terapiacpap.com\/en\/producto\/concentrador-de-oxigeno-estacionario-8f-5a\/","url":"https:\/\/www.terapiacpap.com\/en\/producto\/concentrador-de-oxigeno-estacionario-8f-5a\/","name":"Stationary oxygen concentrator 5L | TerapiaCPAP","isPartOf":{"@id":"https:\/\/www.terapiacpap.com\/#website"},"primaryImageOfPage":{"@id":"https:\/\/www.terapiacpap.com\/en\/producto\/concentrador-de-oxigeno-estacionario-8f-5a\/#primaryimage"},"image":{"@id":"https:\/\/www.terapiacpap.com\/en\/producto\/concentrador-de-oxigeno-estacionario-8f-5a\/#primaryimage"},"thumbnailUrl":"https:\/\/www.terapiacpap.com\/wp-content\/uploads\/2025\/02\/8F-5A.jpg","datePublished":"2025-02-05T13:59:01+00:00","dateModified":"2025-02-13T14:25:37+00:00","description":"Concentrador de ox\u00edgeno estacionario, silencioso y eficiente, proporciona una alta concentraci\u00f3n de ox\u00edgeno a personas con problemas respiratorios.","breadcrumb":{"@id":"https:\/\/www.terapiacpap.com\/en\/producto\/concentrador-de-oxigeno-estacionario-8f-5a\/#breadcrumb"},"inLanguage":"en-US","potentialAction":[{"@type":"ReadAction","target":["https:\/\/www.terapiacpap.com\/en\/producto\/concentrador-de-oxigeno-estacionario-8f-5a\/"]}]},{"@type":"ImageObject","inLanguage":"en-US","@id":"https:\/\/www.terapiacpap.com\/en\/producto\/concentrador-de-oxigeno-estacionario-8f-5a\/#primaryimage","url":"https:\/\/www.terapiacpap.com\/wp-content\/uploads\/2025\/02\/8F-5A.jpg","contentUrl":"https:\/\/www.terapiacpap.com\/wp-content\/uploads\/2025\/02\/8F-5A.jpg","width":1837,"height":2161},{"@type":"BreadcrumbList","@id":"https:\/\/www.terapiacpap.com\/en\/producto\/concentrador-de-oxigeno-estacionario-8f-5a\/#breadcrumb","itemListElement":[{"@type":"ListItem","position":1,"name":"Home","item":"https:\/\/www.terapiacpap.com\/en\/"},{"@type":"ListItem","position":2,"name":"Shop","item":"https:\/\/www.terapiacpap.com\/the-shop\/"},{"@type":"ListItem","position":3,"name":"Stationary oxygen concentrator 5L"}]},{"@type":"WebSite","@id":"https:\/\/www.terapiacpap.com\/#website","url":"https:\/\/www.terapiacpap.com\/","name":"TerapiaCPAP","description":"TerapiaCPAP especialistas en tratamiento del sue\u00f1o y en apnea del sue\u00f1o","publisher":{"@id":"https:\/\/www.terapiacpap.com\/#organization"},"potentialAction":[{"@type":"SearchAction","target":{"@type":"EntryPoint","urlTemplate":"https:\/\/www.terapiacpap.com\/?s={search_term_string}"},"query-input":{"@type":"PropertyValueSpecification","valueRequired":true,"valueName":"search_term_string"}}],"inLanguage":"en-US"},{"@type":"Organization","@id":"https:\/\/www.terapiacpap.com\/#organization","name":"TerapiaCPAP","url":"https:\/\/www.terapiacpap.com\/","logo":{"@type":"ImageObject","inLanguage":"en-US","@id":"https:\/\/www.terapiacpap.com\/#\/schema\/logo\/image\/","url":"https:\/\/www.terapiacpap.com\/wp-content\/uploads\/2020\/11\/logo-terapia-especialistas-ok.png","contentUrl":"https:\/\/www.terapiacpap.com\/wp-content\/uploads\/2020\/11\/logo-terapia-especialistas-ok.png","width":828,"height":277,"caption":"TerapiaCPAP"},"image":{"@id":"https:\/\/www.terapiacpap.com\/#\/schema\/logo\/image\/"},"sameAs":["https:\/\/www.facebook.com\/terapiacpap","https:\/\/x.com\/terapia_cpap","https:\/\/www.instagram.com\/terapiacpap\/?hl=es"]}]}},"_links":{"self":[{"href":"https:\/\/www.terapiacpap.com\/en\/wp-json\/wp\/v2\/product\/76721","targetHints":{"allow":["GET"]}}],"collection":[{"href":"https:\/\/www.terapiacpap.com\/en\/wp-json\/wp\/v2\/product"}],"about":[{"href":"https:\/\/www.terapiacpap.com\/en\/wp-json\/wp\/v2\/types\/product"}],"replies":[{"embeddable":true,"href":"https:\/\/www.terapiacpap.com\/en\/wp-json\/wp\/v2\/comments?post=76721"}],"wp:featuredmedia":[{"embeddable":true,"href":"https:\/\/www.terapiacpap.com\/en\/wp-json\/wp\/v2\/media\/76527"}],"wp:attachment":[{"href":"https:\/\/www.terapiacpap.com\/en\/wp-json\/wp\/v2\/media?parent=76721"}],"wp:term":[{"taxonomy":"product_brand","embeddable":true,"href":"https:\/\/www.terapiacpap.com\/en\/wp-json\/wp\/v2\/product_brand?post=76721"},{"taxonomy":"product_cat","embeddable":true,"href":"https:\/\/www.terapiacpap.com\/en\/wp-json\/wp\/v2\/product_cat?post=76721"},{"taxonomy":"product_tag","embeddable":true,"href":"https:\/\/www.terapiacpap.com\/en\/wp-json\/wp\/v2\/product_tag?post=76721"}],"curies":[{"name":"wp","href":"https:\/\/api.w.org\/{rel}","templated":true}]}}